{"id":3797,"date":"2021-03-08T11:20:30","date_gmt":"2021-03-08T10:20:30","guid":{"rendered":"https:\/\/www.jeevan-ayurveda.com\/?post_type=product&#038;p=3797"},"modified":"2026-04-21T19:01:57","modified_gmt":"2026-04-21T17:01:57","slug":"ageless-rice-camellia-rasayana-cream","status":"publish","type":"product","link":"https:\/\/www.jeevan-ayurveda.com\/es\/producto\/ageless-rice-camellia-rasayana-cream\/","title":{"rendered":"Ageless &#8211; Rice &#038; Camellia &#8211; Rasayana cream &#8211; Eco Cert"},"content":{"rendered":"<p><b>REDENSIFICA \u2013 NUTRE &#8211;\u00a0 ILUMINA- ANTIOXIDANTE<\/b><\/p>\n<p><i>Rasayana<\/i> es un t\u00e9rmino s\u00e1nscrito que literalmente significa \u201cel sendero hacia la esencia\u201d. En Ayurveda, Rasayana es la ciencia del rejuvenecimiento y la longevidad. Los textos ayurv\u00e9dicos enumeran algunas hierbas que, solas o combinadas, se clasifican como Rasayana.<\/p>\n<p>Esta crema rica en anti-oxidantes esenciales y profundos humectantes, ha sido formulada con ingredientes eternos que mejoran la microcirculaci\u00f3n y revitalizan la piel del rostro. El arroz, el t\u00e9 verde, el brahmi, la moringa y la flor de azahar, envolver\u00e1n tu piel.<\/p>\n<p>Ageless. Rice &amp; Camellia. Rasayana Cream es una rica combinaci\u00f3n bot\u00e1nica que redensifica la piel, mejora su elasticidad, ofrece protecci\u00f3n frente a los radicales libres, nutre, hidrata y ayuda a retener la humedad, da tersura, suavidad y luminosidad. Indicada para las pieles maduras.<\/p>\n","protected":false},"excerpt":{"rendered":"<p>Crema rica en anti-oxidantes esenciales y profundos humectantes, formulada con ingredientes eternos que mejoran la microcirculaci\u00f3n y revitalizan la piel del rostro. El arroz, el t\u00e9 verde, el brahmi, la moringa y la flor de azahar, envolver\u00e1n tu piel.<\/p>\n","protected":false},"featured_media":3840,"template":"","meta":[],"product_cat":[35],"product_tag":[],"class_list":{"0":"post-3797","1":"product","2":"type-product","3":"status-publish","4":"has-post-thumbnail","6":"product_cat-rostro","8":"first","9":"instock","10":"taxable","11":"shipping-taxable","12":"purchasable","13":"product-type-simple"},"_links":{"self":[{"href":"https:\/\/www.jeevan-ayurveda.com\/es\/wp-json\/wp\/v2\/product\/3797"}],"collection":[{"href":"https:\/\/www.jeevan-ayurveda.com\/es\/wp-json\/wp\/v2\/product"}],"about":[{"href":"https:\/\/www.jeevan-ayurveda.com\/es\/wp-json\/wp\/v2\/types\/product"}],"wp:featuredmedia":[{"embeddable":true,"href":"https:\/\/www.jeevan-ayurveda.com\/es\/wp-json\/wp\/v2\/media\/3840"}],"wp:attachment":[{"href":"https:\/\/www.jeevan-ayurveda.com\/es\/wp-json\/wp\/v2\/media?parent=3797"}],"wp:term":[{"taxonomy":"product_cat","embeddable":true,"href":"https:\/\/www.jeevan-ayurveda.com\/es\/wp-json\/wp\/v2\/product_cat?post=3797"},{"taxonomy":"product_tag","embeddable":true,"href":"https:\/\/www.jeevan-ayurveda.com\/es\/wp-json\/wp\/v2\/product_tag?post=3797"}],"curies":[{"name":"wp","href":"https:\/\/api.w.org\/{rel}","templated":true}]}}