{"id":3805,"date":"2021-03-08T11:21:56","date_gmt":"2021-03-08T10:21:56","guid":{"rendered":"https:\/\/www.jeevan-ayurveda.com\/?post_type=product&#038;p=3805"},"modified":"2026-02-02T12:30:16","modified_gmt":"2026-02-02T11:30:16","slug":"rasayana-serum","status":"publish","type":"product","link":"https:\/\/www.jeevan-ayurveda.com\/es\/producto\/rasayana-serum\/","title":{"rendered":"Rasayana Serum"},"content":{"rendered":"<p><strong>REDENSIFICA \u2013 NUTRE &#8211; ILUMINA- ANTIOXIDANTE<\/strong><\/p>\n<p>Rasayana es un t\u00e9rmino s\u00e1nscrito que literalmente significa \u201cel sendero hacia la esencia\u201d. En Ayurveda, Rasayana es la ciencia del rejuvenecimiento y la longevidad. Los textos ayurv\u00e9dicos enumeran algunas hierbas que, solas o combinadas, se clasifican como Rasayana.<\/p>\n<p>Neem, shatavari, azafr\u00e1n , c\u00farcuma, regaliz, jengibre, jojoba, flor de loto y trece activos bot\u00e1nicos m\u00e1s, se re\u00fanen en este exquisito Serum para ayudar a restablecer la sabidur\u00eda de una piel joven y sana.<\/p>\n<p>Rico en t\u00f3nicos Rasayana, anti-oxidantes, \u00e1cidos grasos esenciales, plantas antiinflamatorias y descongestivas, ofrece a la piel protecci\u00f3n frente a los radicales libres, mejora su elasticidad y su luminosidad. Da a la piel una apariencia m\u00e1s fresca y joven. Difumina las l\u00edneas de expresi\u00f3n. Aplicado en la delicada piel del contorno de los ojos mejorar\u00e1 su elasticidad y la microcirculaci\u00f3n del \u00e1rea orbital, reduciendo las ojeras y la hinchaz\u00f3n. Difumina las manchas producidas por el sol y por la edad.<\/p>\n","protected":false},"excerpt":{"rendered":"<p>Rico en t\u00f3nicos Rasayana, anti-oxidantes, \u00e1cidos grasos esenciales, plantas antiinflamatorias y descongestivas, ofrece a la piel protecci\u00f3n frente a los radicales libres, mejora su elasticidad y su luminosidad. Da a la piel una apariencia m\u00e1s fresca y joven. Difumina las l\u00edneas de expresi\u00f3n.<\/p>\n","protected":false},"featured_media":4345,"template":"","meta":[],"product_cat":[35],"product_tag":[],"class_list":{"0":"post-3805","1":"product","2":"type-product","3":"status-publish","4":"has-post-thumbnail","6":"product_cat-rostro","8":"first","9":"instock","10":"taxable","11":"shipping-taxable","12":"purchasable","13":"product-type-simple"},"_links":{"self":[{"href":"https:\/\/www.jeevan-ayurveda.com\/es\/wp-json\/wp\/v2\/product\/3805"}],"collection":[{"href":"https:\/\/www.jeevan-ayurveda.com\/es\/wp-json\/wp\/v2\/product"}],"about":[{"href":"https:\/\/www.jeevan-ayurveda.com\/es\/wp-json\/wp\/v2\/types\/product"}],"wp:featuredmedia":[{"embeddable":true,"href":"https:\/\/www.jeevan-ayurveda.com\/es\/wp-json\/wp\/v2\/media\/4345"}],"wp:attachment":[{"href":"https:\/\/www.jeevan-ayurveda.com\/es\/wp-json\/wp\/v2\/media?parent=3805"}],"wp:term":[{"taxonomy":"product_cat","embeddable":true,"href":"https:\/\/www.jeevan-ayurveda.com\/es\/wp-json\/wp\/v2\/product_cat?post=3805"},{"taxonomy":"product_tag","embeddable":true,"href":"https:\/\/www.jeevan-ayurveda.com\/es\/wp-json\/wp\/v2\/product_tag?post=3805"}],"curies":[{"name":"wp","href":"https:\/\/api.w.org\/{rel}","templated":true}]}}