{"id":3813,"date":"2021-03-08T12:24:00","date_gmt":"2021-03-08T11:24:00","guid":{"rendered":"https:\/\/www.jeevan-ayurveda.com\/?post_type=product&#038;p=3813"},"modified":"2025-02-03T14:15:52","modified_gmt":"2025-02-03T13:15:52","slug":"clay-sulfurmyrrh-soap","status":"publish","type":"product","link":"https:\/\/www.jeevan-ayurveda.com\/es\/producto\/clay-sulfurmyrrh-soap\/","title":{"rendered":"Clay, Sulfur &#038; Myrrh &#8211; Natural Soap"},"content":{"rendered":"<p><b>LIMPIEZA DE\u00a0 CUERPO. DETOXIFICANTE.<\/b><\/p>\n<p>Jab\u00f3n 100% natural, artesanal, producido con aceites de coco y de oliva, saponificado en fr\u00edo y 100% biodegradable.<\/p>\n<p>A nuestros jabones no se les incorpora glicerina; la glicerina que contienen es la obtenida en el proceso de fabricaci\u00f3n en fr\u00edo. La glicerina as\u00ed obtenida aporta al jab\u00f3n propiedades hidratantes.<\/p>\n<p>El uso en las \u00faltimas d\u00e9cadas de geles detergentes ha causado grandes problemas en la piel (alergias, dermatitis, psoriasis, etc.), pero la vuelta a los jabones naturales ha devuelto a la piel la capacidad de restaurar su pel\u00edcula natural protectora que previene la aparici\u00f3n de enfermedades dermatol\u00f3gicas.<\/p>\n<p>Nuestros jabones elaborados con ingredientes vegetales de primera calidad son beneficiosos para el cuidado de la piel, para la salud, y muy respetuosos con el medio ambiente.<\/p>\n<p>El prop\u00f3sito de nuestros jabones es mantener limpia la piel, manteniendo su nutrici\u00f3n, hidrataci\u00f3n y favoreciendo la regeneraci\u00f3n de la epidermis<b>.<\/b><\/p>\n<p>El inmenso valor a\u00f1adido de este jab\u00f3n es su alto contenido en principios activos: azufre, neem, arcilla verde, mirra y piedra p\u00f3mez, lo convierten en el jab\u00f3n ideal para pieles grasas y con propensi\u00f3n a puntos negros y espinillas. Limpia la piel, manteniendo su hidrataci\u00f3n, y le da un aspecto m\u00e1s luminoso. Tiene propiedades suavizantes y regeneradoras.<\/p>\n<p>La piedra p\u00f3mez que contiene ejerce una magn\u00edfica exfoliaci\u00f3n.<\/p>\n<p>Uso corporal<\/p>\n","protected":false},"excerpt":{"rendered":"<p>El inmenso valor a\u00f1adido de este jab\u00f3n es su alto contenido en principios activos: azufre, neem, arcilla verde, mirra y piedra p\u00f3mez, lo convierten en el jab\u00f3n ideal para pieles grasas y con propensi\u00f3n a puntos negros y espinillas. Limpia la piel, manteniendo su hidrataci\u00f3n, y le da un aspecto m\u00e1s luminoso. Tiene propiedades suavizantes y regeneradoras.<\/p>\n<p>La piedra p\u00f3mez que contiene ejerce una magn\u00edfica exfoliaci\u00f3n.<\/p>\n<p>Uso corporal<\/p>\n","protected":false},"featured_media":4231,"template":"","meta":[],"product_cat":[24],"product_tag":[],"class_list":{"0":"post-3813","1":"product","2":"type-product","3":"status-publish","4":"has-post-thumbnail","6":"product_cat-cuerpo","8":"first","9":"instock","10":"taxable","11":"shipping-taxable","12":"purchasable","13":"product-type-simple"},"_links":{"self":[{"href":"https:\/\/www.jeevan-ayurveda.com\/es\/wp-json\/wp\/v2\/product\/3813"}],"collection":[{"href":"https:\/\/www.jeevan-ayurveda.com\/es\/wp-json\/wp\/v2\/product"}],"about":[{"href":"https:\/\/www.jeevan-ayurveda.com\/es\/wp-json\/wp\/v2\/types\/product"}],"wp:featuredmedia":[{"embeddable":true,"href":"https:\/\/www.jeevan-ayurveda.com\/es\/wp-json\/wp\/v2\/media\/4231"}],"wp:attachment":[{"href":"https:\/\/www.jeevan-ayurveda.com\/es\/wp-json\/wp\/v2\/media?parent=3813"}],"wp:term":[{"taxonomy":"product_cat","embeddable":true,"href":"https:\/\/www.jeevan-ayurveda.com\/es\/wp-json\/wp\/v2\/product_cat?post=3813"},{"taxonomy":"product_tag","embeddable":true,"href":"https:\/\/www.jeevan-ayurveda.com\/es\/wp-json\/wp\/v2\/product_tag?post=3813"}],"curies":[{"name":"wp","href":"https:\/\/api.w.org\/{rel}","templated":true}]}}