{"id":3814,"date":"2021-03-08T12:34:17","date_gmt":"2021-03-08T11:34:17","guid":{"rendered":"https:\/\/www.jeevan-ayurveda.com\/?post_type=product&#038;p=3814"},"modified":"2025-10-29T14:14:19","modified_gmt":"2025-10-29T13:14:19","slug":"shiro-oil-head-hair","status":"publish","type":"product","link":"https:\/\/www.jeevan-ayurveda.com\/es\/producto\/shiro-oil-head-hair\/","title":{"rendered":"Shiro Oil &#8211; Head &#038; Hair Treatment Oil"},"content":{"rendered":"<p><b>VOLUMEN &#8211; BRILLO &#8211; SUAVIDAD<\/b><\/p>\n<p>Nuestro Shiro Oil ha sido preparado seg\u00fan una antiqu\u00edsima f\u00f3rmula ayurv\u00e9dica destinada al cuidado de la piel del cr\u00e1neo y el cabello.<\/p>\n<p>Aplicado en el cuero cabelludo, lubrica y fortalece las ra\u00edces del cabello, previniendo su ca\u00edda y encanecimiento prematuro. Estimula la micro-circulaci\u00f3n capilar.<\/p>\n<p>Aplicado en el cabello, fortalece la fibra capilar, aport\u00e1ndole volumen. Mejora la estructura y la textura del pelo, le da brillo y suavidad. Combate la sequedad y la caspa, regula la producci\u00f3n de sebo y ayuda a reducir el efecto el\u00e9ctrico del pelo (<i>frizz<\/i>).<\/p>\n<p>Refresca, relaja, calma la mente y ayuda a disfrutar de un buen descanso.<\/p>\n","protected":false},"excerpt":{"rendered":"<p>Nuestro Shiro Oil ha sido preparado seg\u00fan una antiqu\u00edsima f\u00f3rmula ayurv\u00e9dica destinada al cuidado de la piel del cr\u00e1neo y el cabello.<\/p>\n<p><b>Indicado para todo tipo de cabello y cuero cabelludo.<\/b><\/p>\n","protected":false},"featured_media":3919,"template":"","meta":[],"product_cat":[33],"product_tag":[],"class_list":{"0":"post-3814","1":"product","2":"type-product","3":"status-publish","4":"has-post-thumbnail","6":"product_cat-cabello","8":"first","9":"instock","10":"taxable","11":"shipping-taxable","12":"purchasable","13":"product-type-simple"},"_links":{"self":[{"href":"https:\/\/www.jeevan-ayurveda.com\/es\/wp-json\/wp\/v2\/product\/3814"}],"collection":[{"href":"https:\/\/www.jeevan-ayurveda.com\/es\/wp-json\/wp\/v2\/product"}],"about":[{"href":"https:\/\/www.jeevan-ayurveda.com\/es\/wp-json\/wp\/v2\/types\/product"}],"wp:featuredmedia":[{"embeddable":true,"href":"https:\/\/www.jeevan-ayurveda.com\/es\/wp-json\/wp\/v2\/media\/3919"}],"wp:attachment":[{"href":"https:\/\/www.jeevan-ayurveda.com\/es\/wp-json\/wp\/v2\/media?parent=3814"}],"wp:term":[{"taxonomy":"product_cat","embeddable":true,"href":"https:\/\/www.jeevan-ayurveda.com\/es\/wp-json\/wp\/v2\/product_cat?post=3814"},{"taxonomy":"product_tag","embeddable":true,"href":"https:\/\/www.jeevan-ayurveda.com\/es\/wp-json\/wp\/v2\/product_tag?post=3814"}],"curies":[{"name":"wp","href":"https:\/\/api.w.org\/{rel}","templated":true}]}}