{"id":3817,"date":"2021-03-08T12:35:18","date_gmt":"2021-03-08T11:35:18","guid":{"rendered":"https:\/\/www.jeevan-ayurveda.com\/?post_type=product&#038;p=3817"},"modified":"2025-12-03T12:53:33","modified_gmt":"2025-12-03T11:53:33","slug":"amla-kumari-mint-shampoo","status":"publish","type":"product","link":"https:\/\/www.jeevan-ayurveda.com\/es\/producto\/amla-kumari-mint-shampoo\/","title":{"rendered":"Amla, Kumari &#038; Mint &#8211; Natural Shampoo Bar"},"content":{"rendered":"<p><b>HIGIENE Y DETOXIFICACI\u00d3N DEL CABELLO\u00a0 FINO Y DEL CUERO CABELLUDO SENSIBLE.<\/b><\/p>\n<p>Nuestros champ\u00fas s\u00f3lidos han sido formulados seg\u00fan la antigua sabidur\u00eda del Ayurveda, y no solo lavan y equilibran el cabello, sino que act\u00faan sobre el cuero cabelludo y la mente.<\/p>\n<p>Nuestros champ\u00fas son naturales, artesanales, f\u00e1ciles de usar y respetuosos con el medio ambiente.<\/p>\n<p>No contienen parabenos, parafinas, ni siliconas.<\/p>\n<p>La inmensa riqueza de este champ\u00fa es su alto contenido en principios activos vegetales: amalaki, menta,\u00a0 bhringaraj, aloe vera y kaol\u00edn, lo convierten en el champ\u00fa ideal para los cabellos finos y cueros cabelludos sensibles. Nutre e hidrata el cabello y el cuero cabelludo. Refresca y ayuda a reducir la picaz\u00f3n y las rojeces del cuero cabelludo. Ayuda a desbloquear los fol\u00edculos pilosos taponados. Controla el encrespamiento, aporta brillo y suavidad al cabello, previene el encanecimiento prematuro.<\/p>\n<p>Cuando laves tu cabello, cu\u00eddalo, y cuida tambi\u00e9n de tu cuero cabelludo.<\/p>\n","protected":false},"excerpt":{"rendered":"<p>La inmensa riqueza de este champ\u00fa es su alto contenido en principios activos vegetales: amalaki, menta,\u00a0 bhringaraj, aloe vera y kaol\u00edn, lo convierten en el champ\u00fa ideal para los cabellos finos y cueros cabelludos sensibles. Nutre e hidrata el cabello y el cuero cabelludo. Refresca y ayuda a reducir la picaz\u00f3n y las rojeces del cuero cabelludo. Ayuda a desbloquear los fol\u00edculos pilosos taponados. Controla el encrespamiento, aporta brillo y suavidad al cabello, previene el encanecimiento prematuro.<\/p>\n<p>Cuando laves tu cabello, cu\u00eddalo, y cuida tambi\u00e9n de tu cuero cabelludo.<\/p>\n","protected":false},"featured_media":9401,"template":"","meta":[],"product_cat":[33],"product_tag":[],"class_list":{"0":"post-3817","1":"product","2":"type-product","3":"status-publish","4":"has-post-thumbnail","6":"product_cat-cabello","8":"first","9":"instock","10":"taxable","11":"shipping-taxable","12":"purchasable","13":"product-type-simple"},"_links":{"self":[{"href":"https:\/\/www.jeevan-ayurveda.com\/es\/wp-json\/wp\/v2\/product\/3817"}],"collection":[{"href":"https:\/\/www.jeevan-ayurveda.com\/es\/wp-json\/wp\/v2\/product"}],"about":[{"href":"https:\/\/www.jeevan-ayurveda.com\/es\/wp-json\/wp\/v2\/types\/product"}],"wp:featuredmedia":[{"embeddable":true,"href":"https:\/\/www.jeevan-ayurveda.com\/es\/wp-json\/wp\/v2\/media\/9401"}],"wp:attachment":[{"href":"https:\/\/www.jeevan-ayurveda.com\/es\/wp-json\/wp\/v2\/media?parent=3817"}],"wp:term":[{"taxonomy":"product_cat","embeddable":true,"href":"https:\/\/www.jeevan-ayurveda.com\/es\/wp-json\/wp\/v2\/product_cat?post=3817"},{"taxonomy":"product_tag","embeddable":true,"href":"https:\/\/www.jeevan-ayurveda.com\/es\/wp-json\/wp\/v2\/product_tag?post=3817"}],"curies":[{"name":"wp","href":"https:\/\/api.w.org\/{rel}","templated":true}]}}