{"id":3821,"date":"2021-03-08T12:36:14","date_gmt":"2021-03-08T11:36:14","guid":{"rendered":"https:\/\/www.jeevan-ayurveda.com\/?post_type=product&#038;p=3821"},"modified":"2026-02-06T11:30:36","modified_gmt":"2026-02-06T10:30:36","slug":"vata-brahmi-tea","status":"publish","type":"product","link":"https:\/\/www.jeevan-ayurveda.com\/es\/producto\/vata-brahmi-tea\/","title":{"rendered":"Vata Ashwagandha Tea- Eco Cert."},"content":{"rendered":"<p><strong>REVITALIZA, RELAJA Y AUMENTA LA RESISTENCIA.<\/strong><\/p>\n<p>Una de las formas m\u00e1s simples y deliciosas de beneficiarse de la sabidur\u00eda nutricional<br \/>\nayurv\u00e9dica es beber infusiones\u00a0 que depuran y revitalizan el cuerpo\u00a0 generando belleza desde el interior. Este camino hol\u00edstico de belleza saludable, que conecta el interior con el exterior, es una premisa b\u00e1sica de nuestra filosof\u00eda.<\/p>\n<p><strong>Vata Ashwagandha tea<\/strong> es una infusi\u00f3n ecol\u00f3gico-certificada, cuya receta est\u00e1 basada en el Ayurveda, y cuyo prop\u00f3sito es nutrir el cuerpo, la mente y las emociones. Ashwaghanda, cardamomo, piel de naranja y otros ingredientes naturales, \u00a0relajan y calientan el organismo.<br \/>\nCuando tomes la infusi\u00f3n, guarda un poquito, d\u00e9jala enfriar y \u00fasala como agua facial para tonificar tu piel. Es la aplicaci\u00f3n externa de las mismas sustancias que te<br \/>\nequilibran. El mejor t\u00f3nico, sin conservantes, para tu piel.<\/p>\n<p>Cuando el cuerpo est\u00e1 en armon\u00eda, los <em>doshas<\/em> est\u00e1n en armon\u00eda,\u00a0 gozamos de buena salud. Los alimentos, las hierbas y las especias contribuyen a tu equilibrio.<\/p>\n<p>La calidad es el fundamento de la filosof\u00eda de Jeevan Ayurveda, junto con el respeto por la Tierra, y las personas que la trabajan. La elecci\u00f3n de la agricultura <strong>ecol\u00f3gica<\/strong> para nuestras infusiones se impone por la l\u00f3gica de este respeto. Las infusiones se suministran en bolsitas elaboradas con materias 100% vegetales.<\/p>\n<p><strong>\u00a1DISFRUTA EQUILIBR\u00c1NDOTE!<\/strong><\/p>\n","protected":false},"excerpt":{"rendered":"<p>Vata Ashwagandha tea es una infusi\u00f3n ecol\u00f3gico-certificada, cuya receta est\u00e1<\/p>\n<p>basada en el Ayurveda, y cuyo prop\u00f3sito es nutrir el cuerpo, la mente y las<\/p>\n<p>emociones. Ashwaghanda, cardamomo, piel de naranja y otros ingredientes<\/p>\n<p>naturales, relajan y calientan el organismo.<\/p>\n<p><strong>20 x 1,5g.<\/strong><\/p>\n","protected":false},"featured_media":7963,"template":"","meta":[],"product_cat":[43,30],"product_tag":[],"class_list":{"0":"post-3821","1":"product","2":"type-product","3":"status-publish","4":"has-post-thumbnail","6":"product_cat-limpieza-facial","7":"product_cat-infusiones","9":"first","10":"outofstock","11":"taxable","12":"shipping-taxable","13":"purchasable","14":"product-type-simple"},"_links":{"self":[{"href":"https:\/\/www.jeevan-ayurveda.com\/es\/wp-json\/wp\/v2\/product\/3821"}],"collection":[{"href":"https:\/\/www.jeevan-ayurveda.com\/es\/wp-json\/wp\/v2\/product"}],"about":[{"href":"https:\/\/www.jeevan-ayurveda.com\/es\/wp-json\/wp\/v2\/types\/product"}],"wp:featuredmedia":[{"embeddable":true,"href":"https:\/\/www.jeevan-ayurveda.com\/es\/wp-json\/wp\/v2\/media\/7963"}],"wp:attachment":[{"href":"https:\/\/www.jeevan-ayurveda.com\/es\/wp-json\/wp\/v2\/media?parent=3821"}],"wp:term":[{"taxonomy":"product_cat","embeddable":true,"href":"https:\/\/www.jeevan-ayurveda.com\/es\/wp-json\/wp\/v2\/product_cat?post=3821"},{"taxonomy":"product_tag","embeddable":true,"href":"https:\/\/www.jeevan-ayurveda.com\/es\/wp-json\/wp\/v2\/product_tag?post=3821"}],"curies":[{"name":"wp","href":"https:\/\/api.w.org\/{rel}","templated":true}]}}