{"id":3822,"date":"2021-03-08T12:36:37","date_gmt":"2021-03-08T11:36:37","guid":{"rendered":"https:\/\/www.jeevan-ayurveda.com\/?post_type=product&#038;p=3822"},"modified":"2025-04-16T12:22:11","modified_gmt":"2025-04-16T10:22:11","slug":"pitta-haridra-tea","status":"publish","type":"product","link":"https:\/\/www.jeevan-ayurveda.com\/es\/producto\/pitta-haridra-tea\/","title":{"rendered":"Pitta Haridra Tea &#8211; Eco Cert"},"content":{"rendered":"<p><b>ANTIOXIDANTE, REFRESCA Y RELAJA.<\/b><\/p>\n<p>Una de las formas m\u00e1s simples y deliciosas de beneficiarse de la sabidur\u00eda nutricional ayurv\u00e9dica es beber infusiones que depuran y revitalizan el cuerpo\u00a0 generando belleza desde el interior. Este camino hol\u00edstico de belleza saludable, que conecta el interior con el exterior, es una premisa b\u00e1sica de nuestra filosof\u00eda.<\/p>\n<p><b>Pitta Haridra tea <\/b>es una infusi\u00f3n ecol\u00f3gico-certificada, cuya receta est\u00e1 basada en el Ayurveda, y cuyo prop\u00f3sito es nutrir el cuerpo, la mente y las emociones. Haridra, hinojo, hibiscus y otros ingredientes naturales, refrescan el organismo, favorecen la digesti\u00f3n y ayudan a reducir el estr\u00e9s. Esta infusi\u00f3n ayuda a refrescar el cuerpo y la mente. Tiene acci\u00f3n antioxidante.<\/p>\n<p>Cuando tomes la infusi\u00f3n, guarda un poquito, d\u00e9jala enfriar y \u00fasala como agua facial para tonificar tu piel. Es la aplicaci\u00f3n externa de las mismas sustancias que te equilibran. El mejor t\u00f3nico, sin conservantes, para tu piel.<\/p>\n<p>Cuando el cuerpo est\u00e1 en armon\u00eda, los <i>doshas<\/i> est\u00e1n en armon\u00eda,\u00a0 gozamos de buena salud. Los alimentos, las hierbas y las especias contribuyen a tu equilibrio.<\/p>\n<p>La calidad es el fundamento de la filosof\u00eda de Jeevan Ayurveda, junto con el respeto por la Tierra, y las personas que la trabajan. La elecci\u00f3n de la agricultura <strong>ecol\u00f3gica<\/strong> para nuestras infusiones se impone por la l\u00f3gica de este respeto. Las infusiones se suministran en bolsitas elaboradas con materias 100% vegetales.<\/p>\n<p><b>\u00a1DISFRUTA EQUILIBR\u00c1NDOTE!<\/b><\/p>\n","protected":false},"excerpt":{"rendered":"<p><b>Pitta Haridra tea <\/b>es una infusi\u00f3n ecol\u00f3gico-certificada, cuya receta est\u00e1 basada en el Ayurveda, y cuyo prop\u00f3sito es nutrir el cuerpo, la mente y las emociones. Haridra, hinojo, hibiscus y otros ingredientes naturales, refrescan el organismo, favorecen la digesti\u00f3n y ayudan a reducir el estr\u00e9s. Esta infusi\u00f3n ayuda a refrescar el cuerpo y la mente. Tiene acci\u00f3n antioxidante.<\/p>\n<p><strong>20 x 1,5 g<\/strong><\/p>\n","protected":false},"featured_media":8886,"template":"","meta":[],"product_cat":[43,30],"product_tag":[],"class_list":{"0":"post-3822","1":"product","2":"type-product","3":"status-publish","4":"has-post-thumbnail","6":"product_cat-limpieza-facial","7":"product_cat-infusiones","9":"first","10":"instock","11":"taxable","12":"shipping-taxable","13":"purchasable","14":"product-type-simple"},"_links":{"self":[{"href":"https:\/\/www.jeevan-ayurveda.com\/es\/wp-json\/wp\/v2\/product\/3822"}],"collection":[{"href":"https:\/\/www.jeevan-ayurveda.com\/es\/wp-json\/wp\/v2\/product"}],"about":[{"href":"https:\/\/www.jeevan-ayurveda.com\/es\/wp-json\/wp\/v2\/types\/product"}],"wp:featuredmedia":[{"embeddable":true,"href":"https:\/\/www.jeevan-ayurveda.com\/es\/wp-json\/wp\/v2\/media\/8886"}],"wp:attachment":[{"href":"https:\/\/www.jeevan-ayurveda.com\/es\/wp-json\/wp\/v2\/media?parent=3822"}],"wp:term":[{"taxonomy":"product_cat","embeddable":true,"href":"https:\/\/www.jeevan-ayurveda.com\/es\/wp-json\/wp\/v2\/product_cat?post=3822"},{"taxonomy":"product_tag","embeddable":true,"href":"https:\/\/www.jeevan-ayurveda.com\/es\/wp-json\/wp\/v2\/product_tag?post=3822"}],"curies":[{"name":"wp","href":"https:\/\/api.w.org\/{rel}","templated":true}]}}