{"id":3826,"date":"2021-03-08T12:37:40","date_gmt":"2021-03-08T11:37:40","guid":{"rendered":"https:\/\/www.jeevan-ayurveda.com\/?post_type=product&#038;p=3826"},"modified":"2025-02-04T10:33:20","modified_gmt":"2025-02-04T09:33:20","slug":"nirama-tea","status":"publish","type":"product","link":"https:\/\/www.jeevan-ayurveda.com\/es\/producto\/nirama-tea\/","title":{"rendered":"Nirama Tea &#8211; Eco Cert"},"content":{"rendered":"<p><b>ANTIOXIDANTE, DETOXIFICA, Y AYUDA A LA DIGESTI\u00d3N.<br \/>\n<\/b><\/p>\n<p>Una de las formas m\u00e1s simples y deliciosas de beneficiarse de la sabidur\u00eda nutricional ayurv\u00e9dica es beber infusiones herbales que depuran y revitalizan el cuerpo\u00a0 generando belleza desde el interior. Este camino hol\u00edstico de belleza saludable, que conecta el interior con el exterior, es una premisa b\u00e1sica de nuestra filosof\u00eda.<\/p>\n<p><b>Nirama tea <\/b>es una infusi\u00f3n ecol\u00f3gico certificada, cuya receta est\u00e1 basada en el Ayurveda, y cuyo prop\u00f3sito es detoxificar el cuerpo, la mente y las emociones. <i>Nir<\/i>, en s\u00e1nscrito significa \u201csin\u201d, y Ama, \u201ctoxina\u201d. Nir-ama, \u201csin toxinas\u201d. La achicoria, el boldo y otros ingredientes naturales, <b>\u00a0<\/b>ayudan a la expulsi\u00f3n de toxinas del organismo.<\/p>\n<p>Esta infusi\u00f3n ayuda a la detoxificaci\u00f3n del organismo, tiene propiedades digestivas y ayuda a cuidar el h\u00edgado y la ves\u00edcula, siendo muy \u00fatil como t\u00f3nico. Tiene propiedades antioxidantes.<\/p>\n<p>Cuando tomes la infusi\u00f3n, guarda un poquito, d\u00e9jala enfriar y \u00fasala como agua facial para tonificar tu piel. Es la aplicaci\u00f3n externa de las mismas sustancias que te equilibran. El mejor t\u00f3nico, sin conservantes, para tu piel.<\/p>\n<p>Cuando el cuerpo est\u00e1 en armon\u00eda, los <i>doshas<\/i> est\u00e1n en armon\u00eda,\u00a0 gozamos de buena salud. Los alimentos, las hierbas y las especias contribuyen a tu equilibrio.<\/p>\n<p>La calidad es el fundamento de la filosof\u00eda de Jeevan Ayurveda, junto con el respeto por la Tierra, y las personas que la trabajan. La elecci\u00f3n de la agricultura ecol\u00f3gica para nuestras infusiones se impone por la l\u00f3gica de este respeto. Las infusiones se suministran en bolsitas elaboradas con materias 100% vegetales.<\/p>\n<p><b>\u00a1DISFRUTA EQUILIBR\u00c1NDOTE!<\/b><\/p>\n","protected":false},"excerpt":{"rendered":"<p><b>Nirama tea <\/b>es una infusi\u00f3n ecol\u00f3gico certificada, cuya receta est\u00e1 basada en el Ayurveda, y cuyo prop\u00f3sito es detoxificar el cuerpo, la mente y las emociones. <i>Nir<\/i>, en s\u00e1nscrito significa \u201csin\u201d, y Ama, \u201ctoxina\u201d. Nir-ama, \u201csin toxinas\u201d. La achicoria, el boldo y otros ingredientes naturales, <b>\u00a0<\/b>ayudan a la expulsi\u00f3n de toxinas del organismo.<\/p>\n<p>Esta infusi\u00f3n ayuda a la detoxificaci\u00f3n del organismo, tiene propiedades digestivas y ayuda a cuidar el h\u00edgado y la ves\u00edcula, siendo muy \u00fatil como t\u00f3nico. Tiene propiedades antioxidantes.<\/p>\n<p><b>20 x 1,5g.<\/b><\/p>\n","protected":false},"featured_media":8228,"template":"","meta":[],"product_cat":[43,30],"product_tag":[],"class_list":{"0":"post-3826","1":"product","2":"type-product","3":"status-publish","4":"has-post-thumbnail","6":"product_cat-limpieza-facial","7":"product_cat-infusiones","9":"first","10":"instock","11":"taxable","12":"shipping-taxable","13":"purchasable","14":"product-type-simple"},"_links":{"self":[{"href":"https:\/\/www.jeevan-ayurveda.com\/es\/wp-json\/wp\/v2\/product\/3826"}],"collection":[{"href":"https:\/\/www.jeevan-ayurveda.com\/es\/wp-json\/wp\/v2\/product"}],"about":[{"href":"https:\/\/www.jeevan-ayurveda.com\/es\/wp-json\/wp\/v2\/types\/product"}],"wp:featuredmedia":[{"embeddable":true,"href":"https:\/\/www.jeevan-ayurveda.com\/es\/wp-json\/wp\/v2\/media\/8228"}],"wp:attachment":[{"href":"https:\/\/www.jeevan-ayurveda.com\/es\/wp-json\/wp\/v2\/media?parent=3826"}],"wp:term":[{"taxonomy":"product_cat","embeddable":true,"href":"https:\/\/www.jeevan-ayurveda.com\/es\/wp-json\/wp\/v2\/product_cat?post=3826"},{"taxonomy":"product_tag","embeddable":true,"href":"https:\/\/www.jeevan-ayurveda.com\/es\/wp-json\/wp\/v2\/product_tag?post=3826"}],"curies":[{"name":"wp","href":"https:\/\/api.w.org\/{rel}","templated":true}]}}