{"id":4157,"date":"2021-04-08T12:40:08","date_gmt":"2021-04-08T10:40:08","guid":{"rendered":"https:\/\/www.jeevan-ayurveda.com\/?post_type=product&#038;p=4157"},"modified":"2026-02-02T12:16:04","modified_gmt":"2026-02-02T11:16:04","slug":"pitta-body-cream","status":"publish","type":"product","link":"https:\/\/www.jeevan-ayurveda.com\/es\/producto\/pitta-body-cream\/","title":{"rendered":"Pitta Body Cream &#8211; Cooling Nutrition"},"content":{"rendered":"<p><strong>HIDRATA \u2013 SUAVIZA \u2013 REFRESCA -CALMA<\/strong><\/p>\n<p>Las pieles Pitta son c\u00e1lidas y sensibles. El elemento fuego predomina en ellas. Su tendencia al exceso de calor hace que sus desequilibrios m\u00e1s frecuentes sean rojeces, picores, eczemas e inflamaciones. El cuidado armonioso de una piel Pitta precisa de plantas refrescantes y calmantes.<\/p>\n<p>Pitta Body Cream, formulada seg\u00fan la antigua sabidur\u00eda del Ayurveda, es una crema natural, org\u00e1nica y seductora. Rica en ingredientes refrescantes, calmantes, hidratantes y humectantes dejar\u00e1 tu piel aterciopelada.<\/p>\n<p>La lavanda, el coco y el regaliz proporcionan equilibrio a las pieles Pitta, evitando irritaciones, rojeces y sensaci\u00f3n de ardor. Indicada para piernas cansadas y con problemas circulatorios, y para las primeras fases de la celulitis. Aplicada despu\u00e9s de tomar el sol prolonga la duraci\u00f3n del bronceado. Mejora la condici\u00f3n de todos los desequilibrios del Pitta dosha.<\/p>\n","protected":false},"excerpt":{"rendered":"<p>Pitta Body Cream, formulada seg\u00fan la antigua sabidur\u00eda del Ayurveda, es una crema natural, org\u00e1nica y seductora. Rica en ingredientes refrescantes, calmantes, hidratantes y humectantes dejar\u00e1 tu piel aterciopelada.<\/p>\n","protected":false},"featured_media":9464,"template":"","meta":[],"product_cat":[24],"product_tag":[],"class_list":{"0":"post-4157","1":"product","2":"type-product","3":"status-publish","4":"has-post-thumbnail","6":"product_cat-cuerpo","8":"first","9":"instock","10":"taxable","11":"shipping-taxable","12":"purchasable","13":"product-type-simple"},"_links":{"self":[{"href":"https:\/\/www.jeevan-ayurveda.com\/es\/wp-json\/wp\/v2\/product\/4157"}],"collection":[{"href":"https:\/\/www.jeevan-ayurveda.com\/es\/wp-json\/wp\/v2\/product"}],"about":[{"href":"https:\/\/www.jeevan-ayurveda.com\/es\/wp-json\/wp\/v2\/types\/product"}],"wp:featuredmedia":[{"embeddable":true,"href":"https:\/\/www.jeevan-ayurveda.com\/es\/wp-json\/wp\/v2\/media\/9464"}],"wp:attachment":[{"href":"https:\/\/www.jeevan-ayurveda.com\/es\/wp-json\/wp\/v2\/media?parent=4157"}],"wp:term":[{"taxonomy":"product_cat","embeddable":true,"href":"https:\/\/www.jeevan-ayurveda.com\/es\/wp-json\/wp\/v2\/product_cat?post=4157"},{"taxonomy":"product_tag","embeddable":true,"href":"https:\/\/www.jeevan-ayurveda.com\/es\/wp-json\/wp\/v2\/product_tag?post=4157"}],"curies":[{"name":"wp","href":"https:\/\/api.w.org\/{rel}","templated":true}]}}