{"id":4158,"date":"2021-04-08T12:40:51","date_gmt":"2021-04-08T10:40:51","guid":{"rendered":"https:\/\/www.jeevan-ayurveda.com\/?post_type=product&#038;p=4158"},"modified":"2026-02-02T12:14:25","modified_gmt":"2026-02-02T11:14:25","slug":"vata-body-cream-warming-nutrition","status":"publish","type":"product","link":"https:\/\/www.jeevan-ayurveda.com\/es\/producto\/vata-body-cream-warming-nutrition\/","title":{"rendered":"Vata Body Cream &#8211; Warming Nutrition"},"content":{"rendered":"<p><strong>HIDRATA \u2013 NUTRE- SUAVIZA -RELAJA<\/strong><\/p>\n<p>Las pieles Vata son secas, fr\u00edas y \u00e1speras. En las personas con este tipo de piel predomina el elemento aire, y esa naturaleza similar a la de un viento fr\u00edo hace que sean pieles con tendencia a la deshidrataci\u00f3n, las arrugas y el envejecimiento prematuro. Su buen cuidado requiere alta humectaci\u00f3n y plantas calientes.<br \/>\nVata Body Cream, formulada seg\u00fan la antigua sabidur\u00eda del Ayurveda, es una crema natural, org\u00e1nica y seductora. Rica en ingredientes hidratantes y humectantes dejar\u00e1 tu piel  aterciopelada.<\/p>\n<p>El s\u00e9samo, la santolina chamaecyparissus, el alga fucus vesiculosus, el aguacate y la naranja confieren a la piel una c\u00e1lida nutrici\u00f3n y una alta hidrataci\u00f3n, creando una reserva natural para la piel. Es termog\u00e9nica. Suaviza, mejora la complexi\u00f3n de la piel y mejora la condici\u00f3n de los desequilibrios del Vata dosha.<\/p>\n","protected":false},"excerpt":{"rendered":"<p>Vata Body Cream, formulada seg\u00fan la antigua sabidur\u00eda del Ayurveda, es una crema natural, org\u00e1nica y seductora. Rica en ingredientes hidratantes y humectantes dejar\u00e1 tu piel  aterciopelada.<\/p>\n","protected":false},"featured_media":4358,"template":"","meta":[],"product_cat":[24],"product_tag":[],"class_list":{"0":"post-4158","1":"product","2":"type-product","3":"status-publish","4":"has-post-thumbnail","6":"product_cat-cuerpo","8":"first","9":"instock","10":"taxable","11":"shipping-taxable","12":"purchasable","13":"product-type-simple"},"_links":{"self":[{"href":"https:\/\/www.jeevan-ayurveda.com\/es\/wp-json\/wp\/v2\/product\/4158"}],"collection":[{"href":"https:\/\/www.jeevan-ayurveda.com\/es\/wp-json\/wp\/v2\/product"}],"about":[{"href":"https:\/\/www.jeevan-ayurveda.com\/es\/wp-json\/wp\/v2\/types\/product"}],"wp:featuredmedia":[{"embeddable":true,"href":"https:\/\/www.jeevan-ayurveda.com\/es\/wp-json\/wp\/v2\/media\/4358"}],"wp:attachment":[{"href":"https:\/\/www.jeevan-ayurveda.com\/es\/wp-json\/wp\/v2\/media?parent=4158"}],"wp:term":[{"taxonomy":"product_cat","embeddable":true,"href":"https:\/\/www.jeevan-ayurveda.com\/es\/wp-json\/wp\/v2\/product_cat?post=4158"},{"taxonomy":"product_tag","embeddable":true,"href":"https:\/\/www.jeevan-ayurveda.com\/es\/wp-json\/wp\/v2\/product_tag?post=4158"}],"curies":[{"name":"wp","href":"https:\/\/api.w.org\/{rel}","templated":true}]}}