{"id":5683,"date":"2022-02-23T19:44:01","date_gmt":"2022-02-23T18:44:01","guid":{"rendered":"https:\/\/www.jeevan-ayurveda.com\/?post_type=product&#038;p=5683"},"modified":"2025-05-10T21:27:25","modified_gmt":"2025-05-10T19:27:25","slug":"indigo-centaurea-amalaki-natural-shampoo-bar","status":"publish","type":"product","link":"https:\/\/www.jeevan-ayurveda.com\/es\/producto\/indigo-centaurea-amalaki-natural-shampoo-bar\/","title":{"rendered":"\u00cdndigo, Centaurea &#038; Amalaki. Natural Shampoo Bar."},"content":{"rendered":"<p><strong>HIGIENE Y DETOXIFICACI\u00d3N DE CABELLOS GRISES Y BLANCOS.<\/strong><\/p>\n<p><strong>\u00a0<\/strong><\/p>\n<p>Nuestros champ\u00fas s\u00f3lidos han sido formulados seg\u00fan la antigua sabidur\u00eda del Ayurveda, y no solo lavan y equilibran el cabello, sino que act\u00faan sobre el cuero cabelludo y la mente.<\/p>\n<p>Nuestros champ\u00fas son naturales, artesanales, f\u00e1ciles de usar y respetuosos con el medio ambiente.<\/p>\n<p>No contienen parabenos, parafinas, ni siliconas.<\/p>\n<p>La inmensa riqueza de este champ\u00fa es su alto contenido en principios activos vegetales: bhringaraj, amalaki, \u00edndigo, centaurea y lavanda lo convierten en el champ\u00fa ideal para los cabellos grises y blancos. Nutre e hidrata el cabello y el cuero cabelludo. Ayuda a desbloquear los fol\u00edculos pilosos taponados. Neutraliza los tonos amarillentos e ilumina los cabellos grises, blancos, rubios y casta\u00f1os claros naturales, y cabellos con mechas utilizando exclusivamente ingredientes naturales.<\/p>\n<p>Cuando laves tu cabello, cu\u00eddalo, y cuida tambi\u00e9n de tu cuero cabelludo.<\/p>\n","protected":false},"excerpt":{"rendered":"<p>La inmensa riqueza de este champ\u00fa es su alto contenido en principios activos vegetales: bhringaraj, amalaki, \u00edndigo, centaurea y lavanda lo convierten en el champ\u00fa ideal para los cabellos grises y blancos. Nutre e hidrata el cabello y el cuero cabelludo. Ayuda a desbloquear los fol\u00edculos pilosos taponados. Neutraliza los tonos amarillentos e ilumina los cabellos grises, blancos, rubios y casta\u00f1os claros naturales, y cabellos con mechas utilizando exclusivamente ingredientes naturales.<\/p>\n<p>Cuando laves tu cabello, cu\u00eddalo, y cuida tambi\u00e9n de tu cuero cabelludo.<\/p>\n<p>Tama\u00f1o: 60g<\/p>\n","protected":false},"featured_media":8940,"template":"","meta":[],"product_cat":[33],"product_tag":[],"class_list":{"0":"post-5683","1":"product","2":"type-product","3":"status-publish","4":"has-post-thumbnail","6":"product_cat-cabello","8":"first","9":"instock","10":"taxable","11":"shipping-taxable","12":"purchasable","13":"product-type-simple"},"_links":{"self":[{"href":"https:\/\/www.jeevan-ayurveda.com\/es\/wp-json\/wp\/v2\/product\/5683"}],"collection":[{"href":"https:\/\/www.jeevan-ayurveda.com\/es\/wp-json\/wp\/v2\/product"}],"about":[{"href":"https:\/\/www.jeevan-ayurveda.com\/es\/wp-json\/wp\/v2\/types\/product"}],"wp:featuredmedia":[{"embeddable":true,"href":"https:\/\/www.jeevan-ayurveda.com\/es\/wp-json\/wp\/v2\/media\/8940"}],"wp:attachment":[{"href":"https:\/\/www.jeevan-ayurveda.com\/es\/wp-json\/wp\/v2\/media?parent=5683"}],"wp:term":[{"taxonomy":"product_cat","embeddable":true,"href":"https:\/\/www.jeevan-ayurveda.com\/es\/wp-json\/wp\/v2\/product_cat?post=5683"},{"taxonomy":"product_tag","embeddable":true,"href":"https:\/\/www.jeevan-ayurveda.com\/es\/wp-json\/wp\/v2\/product_tag?post=5683"}],"curies":[{"name":"wp","href":"https:\/\/api.w.org\/{rel}","templated":true}]}}