{"id":6107,"date":"2022-04-21T14:12:25","date_gmt":"2022-04-21T12:12:25","guid":{"rendered":"https:\/\/www.jeevan-ayurveda.com\/?post_type=product&#038;p=6107"},"modified":"2026-04-20T14:19:46","modified_gmt":"2026-04-20T12:19:46","slug":"purifica-calma-y-protege","status":"publish","type":"product","link":"https:\/\/www.jeevan-ayurveda.com\/es\/producto\/purifica-calma-y-protege\/","title":{"rendered":"Tulsi Mala 108 +1 beads"},"content":{"rendered":"<p>PURIFICA, CALMA Y PROTEGE.<\/p>\n<p>TULSI \u00f3 TULASI, en s\u00e1nscrito,\u00a0 albahaca sagrada, <span style=\"font-weight: 400;\">cu<\/span><span style=\"font-weight: 400;\">yo nombre cient\u00edfico es Ocimum sanctum, es un arbusto arom\u00e1tico de la familia de las albahacas que cree en las partes tropicales de Asia. Se le considera nativa de la regi\u00f3n centro-norte de India y es cultivada en muchos hogares de este pa\u00eds para ofrendas en los templos.<\/span><\/p>\n<p style=\"text-align: left;\"><span style=\"font-weight: 400;\">Dentro de la medicina Ayurveda, el Tulsi recibe el nombre de \u201cReina de las Hierbas\u201d. Gracias a sus propiedades medicinales y espirituales, esta planta es venerada como un elixir de vida.<\/span><\/p>\n<p style=\"text-align: left;\"><span style=\"font-weight: 400;\">El Mala de Tulasi se usa, normalmente, como ornamento espiritual. Es muy activo en la purificaci\u00f3n del cuerpo, la mente y los sentidos. Protege de las energ\u00edas negativas, da paz y reduce el estr\u00e9s. Mejora la capacidad de concentraci\u00f3n. Ayuda a aliviar los problemas de garganta.<\/span><\/p>\n<p>Mala engarzado en hilo con cuentas de madera de Tulsi (Albahaca sagrada). Son 108 semillas m\u00e1s 1. Son 108 las veces que ha de repetirse el mantra. \u00bfPor qu\u00e9 108? Son muchos los significados del n\u00famero 108. Uno de los m\u00e1s interesantes es que el alfabeto s\u00e1nscrito contiene 54 letras, y cada letra es masculina y femenina, Shiva y Shakti, as\u00ed que 54 X 2 = 108. Otro significado es que son 108 las l\u00edneas de energ\u00eda que convergen para formar el Chakra del coraz\u00f3n. \u00bfY por qu\u00e9 m\u00e1s una? Al final del mala hay una semilla separada, llamada sumeru, bindu o guru. Por esta semilla no se recita el mantra, pero est\u00e1 ah\u00ed como homenaje a quien te ofreci\u00f3 el mala.<\/p>\n<p><b>Limpieza:<\/b><span style=\"font-weight: 400;\"> Sumerger en agua templada entre 12 y 15 horas, despu\u00e9s limpiar cuidadosamente las semillas con un cepillo de cerdas duras. Secar al sol. Una vez seco, aplicar con las manos una peque\u00f1a cantidad de \u201cRice &amp; Neem. Pure cleansing oil\u201d en las semillas.<\/span><\/p>\n<p><span style=\"font-weight: 400;\">Evitar el uso de detergentes y de agua hirviendo.<\/span><\/p>\n","protected":false},"excerpt":{"rendered":"<p>PURIFICA, CALMA Y PROTEGE<\/p>\n<p>El Mala de Tulasi se usa, normalmente, como ornamento espiritual. Es muy activo en la purificaci\u00f3n del cuerpo, la mente y los sentidos. Protege de las energ\u00edas negativas, da paz y reduce el estr\u00e9s. Mejora la capacidad de concentraci\u00f3n. \u00a0Da ecuanimidad a pensamientos y emociones. Ayuda a aliviar los problemas de garganta.<\/p>\n<p>&nbsp;<\/p>\n","protected":false},"featured_media":9050,"template":"","meta":[],"product_cat":[77],"product_tag":[],"class_list":{"0":"post-6107","1":"product","2":"type-product","3":"status-publish","4":"has-post-thumbnail","6":"product_cat-objetos-belleza","8":"first","9":"outofstock","10":"taxable","11":"shipping-taxable","12":"purchasable","13":"product-type-simple"},"_links":{"self":[{"href":"https:\/\/www.jeevan-ayurveda.com\/es\/wp-json\/wp\/v2\/product\/6107"}],"collection":[{"href":"https:\/\/www.jeevan-ayurveda.com\/es\/wp-json\/wp\/v2\/product"}],"about":[{"href":"https:\/\/www.jeevan-ayurveda.com\/es\/wp-json\/wp\/v2\/types\/product"}],"wp:featuredmedia":[{"embeddable":true,"href":"https:\/\/www.jeevan-ayurveda.com\/es\/wp-json\/wp\/v2\/media\/9050"}],"wp:attachment":[{"href":"https:\/\/www.jeevan-ayurveda.com\/es\/wp-json\/wp\/v2\/media?parent=6107"}],"wp:term":[{"taxonomy":"product_cat","embeddable":true,"href":"https:\/\/www.jeevan-ayurveda.com\/es\/wp-json\/wp\/v2\/product_cat?post=6107"},{"taxonomy":"product_tag","embeddable":true,"href":"https:\/\/www.jeevan-ayurveda.com\/es\/wp-json\/wp\/v2\/product_tag?post=6107"}],"curies":[{"name":"wp","href":"https:\/\/api.w.org\/{rel}","templated":true}]}}