{"id":6550,"date":"2022-08-22T14:03:08","date_gmt":"2022-08-22T12:03:08","guid":{"rendered":"https:\/\/www.jeevan-ayurveda.com\/?post_type=product&#038;p=6550"},"modified":"2026-03-16T13:32:15","modified_gmt":"2026-03-16T12:32:15","slug":"kansa-vakti-bowl","status":"publish","type":"product","link":"https:\/\/www.jeevan-ayurveda.com\/es\/producto\/kansa-vakti-bowl\/","title":{"rendered":"Kansa Vakti Bowl"},"content":{"rendered":"<p><b>DETOXIFICA, CALMA Y ENERGETIZA\u00a0\u00a0\u00a0\u00a0\u00a0\u00a0\u00a0\u00a0\u00a0\u00a0\u00a0\u00a0\u00a0\u00a0\u00a0\u00a0\u00a0\u00a0<\/b><\/p>\n<p><span style=\"font-weight: 400;\">Bol de tres metales: cobre, esta\u00f1o y zinc.\u00a0<\/span><\/p>\n<p><span style=\"font-weight: 400;\">Kansa, en s\u00e1nscrito significa bronce; y Vakti, bol.<\/span><\/p>\n<p><span style=\"font-weight: 400;\">Kansa bakti bowl es el bol tradicional ayurv\u00e9dico para realizar el masaje depurativo de los pies. La aleaci\u00f3n de estos tres metales est\u00e1 considerada en Ayurveda como un metal curativo y depurativo.<\/span><\/p>\n<p><span style=\"font-weight: 400;\">Kansa Vakti Massage tiene las siguientes indicaciones.<\/span><\/p>\n<p>&nbsp;<\/p>\n<ul>\n<li style=\"font-weight: 400;\" aria-level=\"1\"><span style=\"font-weight: 400;\">Ayuda a eliminar las toxinas del organismo.<\/span><\/li>\n<li style=\"font-weight: 400;\" aria-level=\"1\"><span style=\"font-weight: 400;\">Absorbe el calor y reduce la inflamaci\u00f3n del cuerpo.<\/span><\/li>\n<li style=\"font-weight: 400;\" aria-level=\"1\"><span style=\"font-weight: 400;\">Tiene un efecto alcalinizador en el cuerpo.<\/span><\/li>\n<li style=\"font-weight: 400;\" aria-level=\"1\"><span style=\"font-weight: 400;\">Relaja, reduce el estr\u00e9s y la fatiga.<\/span><\/li>\n<li style=\"font-weight: 400;\" aria-level=\"1\"><span style=\"font-weight: 400;\">Aligera las piernas pesadas y relaja las piernas cansadas.<\/span><\/li>\n<li style=\"font-weight: 400;\" aria-level=\"1\"><span style=\"font-weight: 400;\">Mejora el insomnio y los desequilibrios del sue\u00f1o<\/span><\/li>\n<li style=\"font-weight: 400;\" aria-level=\"1\"><span style=\"font-weight: 400;\">Mejora la circulaci\u00f3n de la sangre.<\/span><\/li>\n<li style=\"font-weight: 400;\" aria-level=\"1\"><span style=\"font-weight: 400;\">Tonifica el h\u00edgado, el bazo y el sistema linf\u00e1tico.<\/span><\/li>\n<li style=\"font-weight: 400;\" aria-level=\"1\"><span style=\"font-weight: 400;\">Reduce la retenci\u00f3n de l\u00edquidos.<\/span><\/li>\n<li style=\"font-weight: 400;\" aria-level=\"1\"><span style=\"font-weight: 400;\">Mejora el flujo de <\/span><b>prana y la inmunidad.<\/b><\/li>\n<li style=\"font-weight: 400;\" aria-level=\"1\"><span style=\"font-weight: 400;\">Mejora el Agni.<\/span><\/li>\n<\/ul>\n","protected":false},"excerpt":{"rendered":"<p><b>DETOXIFICA, CALMA Y ENERGETIZA\u00a0\u00a0\u00a0\u00a0\u00a0\u00a0\u00a0\u00a0\u00a0\u00a0\u00a0\u00a0\u00a0\u00a0\u00a0\u00a0\u00a0\u00a0<\/b><\/p>\n<p><span style=\"font-weight: 400;\">Bol de tres metales: cobre, esta\u00f1o y zinc.\u00a0<\/span><\/p>\n<p><span style=\"font-weight: 400;\">Kansa, en s\u00e1nscrito significa bronce; y Vakti, bol.<\/span><\/p>\n<p><span style=\"font-weight: 400;\">Kansa bakti bowl es el bol tradicional ayurv\u00e9dico para realizar el masaje depurativo de los pies. La aleaci\u00f3n de estos tres metales est\u00e1 considerada en Ayurveda como un metal curativo y depurativo.<\/span><\/p>\n<p>&nbsp;<\/p>\n<p><b>Diametro: 10cm. Peso: 110g<\/b><\/p>\n","protected":false},"featured_media":6551,"template":"","meta":[],"product_cat":[35,77],"product_tag":[],"class_list":{"0":"post-6550","1":"product","2":"type-product","3":"status-publish","4":"has-post-thumbnail","6":"product_cat-rostro","7":"product_cat-objetos-belleza","9":"first","10":"outofstock","11":"taxable","12":"shipping-taxable","13":"purchasable","14":"product-type-simple"},"_links":{"self":[{"href":"https:\/\/www.jeevan-ayurveda.com\/es\/wp-json\/wp\/v2\/product\/6550"}],"collection":[{"href":"https:\/\/www.jeevan-ayurveda.com\/es\/wp-json\/wp\/v2\/product"}],"about":[{"href":"https:\/\/www.jeevan-ayurveda.com\/es\/wp-json\/wp\/v2\/types\/product"}],"wp:featuredmedia":[{"embeddable":true,"href":"https:\/\/www.jeevan-ayurveda.com\/es\/wp-json\/wp\/v2\/media\/6551"}],"wp:attachment":[{"href":"https:\/\/www.jeevan-ayurveda.com\/es\/wp-json\/wp\/v2\/media?parent=6550"}],"wp:term":[{"taxonomy":"product_cat","embeddable":true,"href":"https:\/\/www.jeevan-ayurveda.com\/es\/wp-json\/wp\/v2\/product_cat?post=6550"},{"taxonomy":"product_tag","embeddable":true,"href":"https:\/\/www.jeevan-ayurveda.com\/es\/wp-json\/wp\/v2\/product_tag?post=6550"}],"curies":[{"name":"wp","href":"https:\/\/api.w.org\/{rel}","templated":true}]}}