{"id":7323,"date":"2023-03-13T18:27:18","date_gmt":"2023-03-13T17:27:18","guid":{"rendered":"https:\/\/www.jeevan-ayurveda.com\/?post_type=product&#038;p=7323"},"modified":"2025-09-16T14:00:22","modified_gmt":"2025-09-16T12:00:22","slug":"juniper-tulsi-bitter-orange-natural-aura-soap","status":"publish","type":"product","link":"https:\/\/www.jeevan-ayurveda.com\/es\/producto\/juniper-tulsi-bitter-orange-natural-aura-soap\/","title":{"rendered":"Juniper, Tulsi &#038; Bitter Orange. Natural Aura Soap."},"content":{"rendered":"<p>Jab\u00f3n 100% natural, artesanal, producido con aceites de coco y de oliva, saponificado en fr\u00edo y 100% biodegradable.<br \/>\nA nuestros jabones no se les incorpora glicerina; la glicerina que contienen es la obtenida en el proceso de fabricaci\u00f3n en fr\u00edo. La glicerina as\u00ed obtenida aporta al jab\u00f3n propiedades hidratantes.<\/p>\n<p>El uso en las \u00faltimas d\u00e9cadas de geles detergentes ha causado grandes problemas en la piel (alergias, dermatitis, psoriasis, etc.), pero la vuelta a los jabones naturales ha devuelto a la piel la capacidad de restaurar su pel\u00edcula natural protectora que previene la aparici\u00f3n de enfermedades dermatol\u00f3gicas.<\/p>\n<p>Nuestros jabones elaborados con ingredientes vegetales de primera calidad son beneficiosos para el cuidado de la piel, para la salud, y muy respetuosos con el medio ambiente.<\/p>\n<p>El prop\u00f3sito de nuestros jabones es mantener limpia la piel, manteniendo su nutrici\u00f3n, hidrataci\u00f3n y favoreciendo la regeneraci\u00f3n de la epidermis.<\/p>\n<p>El inmenso valor a\u00f1adido de este jab\u00f3n es su alto contenido en plantas sagradas: jun\u00edpero (tambi\u00e9n llamado enebro), albahaca, menta, salvia y naranja amarga,\u00a0 que purifican y protegen el campo a\u00farico y el cuerpo sutil. Detoxifica y limpia la piel, manteniendo su hidrataci\u00f3n, y le da un aspecto m\u00e1s luminoso.<\/p>\n<p>Los trocitos de corteza de naranja en su interior ejercen una suave exfoliaci\u00f3n, refrescando la piel con una fragancia exquisita.<\/p>\n","protected":false},"excerpt":{"rendered":"<p>El inmenso valor a\u00f1adido de este jab\u00f3n es su alto contenido en plantas sagradas: jun\u00edpero (tambi\u00e9n llamado enebro), albahaca, menta, salvia y naranja amarga,\u00a0 que purifican y protegen el campo a\u00farico y el cuerpo sutil. Detoxifica y limpia la piel, manteniendo su hidrataci\u00f3n, y le da un aspecto m\u00e1s luminoso.<\/p>\n<p>Los trocitos de corteza de naranja en su interior ejercen una suave exfoliaci\u00f3n, refrescando la piel con una fragancia exquisita.<\/p>\n<p>\u2022 Tama\u00f1o: 100g<\/p>\n","protected":false},"featured_media":7325,"template":"","meta":[],"product_cat":[35,24,43],"product_tag":[],"class_list":{"0":"post-7323","1":"product","2":"type-product","3":"status-publish","4":"has-post-thumbnail","6":"product_cat-rostro","7":"product_cat-cuerpo","8":"product_cat-limpieza-facial","10":"first","11":"instock","12":"taxable","13":"shipping-taxable","14":"purchasable","15":"product-type-simple"},"_links":{"self":[{"href":"https:\/\/www.jeevan-ayurveda.com\/es\/wp-json\/wp\/v2\/product\/7323"}],"collection":[{"href":"https:\/\/www.jeevan-ayurveda.com\/es\/wp-json\/wp\/v2\/product"}],"about":[{"href":"https:\/\/www.jeevan-ayurveda.com\/es\/wp-json\/wp\/v2\/types\/product"}],"wp:featuredmedia":[{"embeddable":true,"href":"https:\/\/www.jeevan-ayurveda.com\/es\/wp-json\/wp\/v2\/media\/7325"}],"wp:attachment":[{"href":"https:\/\/www.jeevan-ayurveda.com\/es\/wp-json\/wp\/v2\/media?parent=7323"}],"wp:term":[{"taxonomy":"product_cat","embeddable":true,"href":"https:\/\/www.jeevan-ayurveda.com\/es\/wp-json\/wp\/v2\/product_cat?post=7323"},{"taxonomy":"product_tag","embeddable":true,"href":"https:\/\/www.jeevan-ayurveda.com\/es\/wp-json\/wp\/v2\/product_tag?post=7323"}],"curies":[{"name":"wp","href":"https:\/\/api.w.org\/{rel}","templated":true}]}}