{"id":7909,"date":"2023-07-11T15:01:59","date_gmt":"2023-07-11T13:01:59","guid":{"rendered":"https:\/\/www.jeevan-ayurveda.com\/?post_type=product&#038;p=7909"},"modified":"2025-02-19T13:42:09","modified_gmt":"2025-02-19T12:42:09","slug":"7909","status":"publish","type":"product","link":"https:\/\/www.jeevan-ayurveda.com\/es\/producto\/7909\/","title":{"rendered":"Kumari Gel + Pitta Haridra Tea + Frasco Spray (Regalo)"},"content":{"rendered":"<p><strong>AGUA ESENCIAL DE VERANO: UN PASO ESENCIAL<\/strong><\/p>\n<p>\u00bfQuieres refrescarte, relajarte y perfumarte naturalmente?<\/p>\n<p>Prep\u00e1rate agua esencial de verano, ll\u00e9vala en el bolso y roc\u00eda tu piel.<\/p>\n<p>Las aguas esenciales constituyen uno de los secretos de belleza mejor guardados de las mujeres orientales. Esta agua refrescante ayudar\u00e1 a mantener fresca y desinflamada la piel durante el verano. Roc\u00edate varias veces al d\u00eda, especialmente en d\u00edas muy calurosos, y antes, durante y despu\u00e9s de tomar el sol. Sus activos vegetales tienen propiedades antiinflamatorias, regeneradoras y antioxidantes.<\/p>\n","protected":false},"excerpt":{"rendered":"<p>Kumari Gel:<br \/>\nNuestro Kumari Gel combina una base de aloe con otras hierbas antiinflamatorias,<br \/>\nantioxidantes y regeneradoras; con aportes significativos de beta carotenos y \u00a0 \u00a0 \u00a0 \u00a0 \u00a0 \u00a0 \u00a0 \u00a0 \u00a0 carotenoides que potencian sus efectos restauradores de la piel.<br \/>\nEste producto es el mejor regenerador de las pieles sensibles.<br \/>\nTama\u00f1o: 100ml.<\/p>\n<p>Pitta Haridra Tea:<br \/>\nHaridra, hibisco, hinojo y otros ingredientes naturales, \u00a0refrescan el organismo, mejoran la digesti\u00f3n y ayudan a reducir el estr\u00e9s. Esta infusi\u00f3n ayuda a reducir los sofocos y la transpiraci\u00f3n, alivia la sensaci\u00f3n de ardor, refresca la mente, ayudando a reducir el estr\u00e9s.<\/p>\n<p>20*1,5 g.<\/p>\n<p>Frasco Spray: Vaporizador regalo.<\/p>\n","protected":false},"featured_media":7910,"template":"","meta":[],"product_cat":[35,24],"product_tag":[],"class_list":{"0":"post-7909","1":"product","2":"type-product","3":"status-publish","4":"has-post-thumbnail","6":"product_cat-rostro","7":"product_cat-cuerpo","9":"first","10":"instock","11":"taxable","12":"shipping-taxable","13":"purchasable","14":"product-type-simple"},"_links":{"self":[{"href":"https:\/\/www.jeevan-ayurveda.com\/es\/wp-json\/wp\/v2\/product\/7909"}],"collection":[{"href":"https:\/\/www.jeevan-ayurveda.com\/es\/wp-json\/wp\/v2\/product"}],"about":[{"href":"https:\/\/www.jeevan-ayurveda.com\/es\/wp-json\/wp\/v2\/types\/product"}],"wp:featuredmedia":[{"embeddable":true,"href":"https:\/\/www.jeevan-ayurveda.com\/es\/wp-json\/wp\/v2\/media\/7910"}],"wp:attachment":[{"href":"https:\/\/www.jeevan-ayurveda.com\/es\/wp-json\/wp\/v2\/media?parent=7909"}],"wp:term":[{"taxonomy":"product_cat","embeddable":true,"href":"https:\/\/www.jeevan-ayurveda.com\/es\/wp-json\/wp\/v2\/product_cat?post=7909"},{"taxonomy":"product_tag","embeddable":true,"href":"https:\/\/www.jeevan-ayurveda.com\/es\/wp-json\/wp\/v2\/product_tag?post=7909"}],"curies":[{"name":"wp","href":"https:\/\/api.w.org\/{rel}","templated":true}]}}