{"id":7927,"date":"2023-07-13T13:52:52","date_gmt":"2023-07-13T11:52:52","guid":{"rendered":"https:\/\/www.jeevan-ayurveda.com\/?post_type=product&#038;p=7927"},"modified":"2026-04-21T19:05:28","modified_gmt":"2026-04-21T17:05:28","slug":"figs-roses-sulfur-firming-cream-eco-cert","status":"publish","type":"product","link":"https:\/\/www.jeevan-ayurveda.com\/es\/producto\/figs-roses-sulfur-firming-cream-eco-cert\/","title":{"rendered":"Figs, Roses &#038; Sulfur. Firming cream. Eco cert."},"content":{"rendered":"<p>Formulada seg\u00fan la antigua sabidur\u00eda del Ayurveda, es natural, ecol\u00f3gico-certificada y<br \/>\nseductora. Receta milenaria para alimentar tu piel madura con los ingredientes que ella<br \/>\nprecisa.<br \/>\nBioactivos de rosa damascena, higos, algas, azufre, manteca de karit\u00e9 y<br \/>\nextracto de flor de cal\u00e9ndula se re\u00fanen es esta exquisita crema para reafirmar<br \/>\nla piel y mejorar su elasticidad y su tono.<br \/>\nPurifica y detoxifica la piel, la nutre, hidrata, regenera e ilumina.<br \/>\nIndicaciones m\u00e1s frecuentes para la aplicaci\u00f3n Figs, Roses &amp; Sulfur. Firming<br \/>\ncream:<br \/>\n&#8211; Hidrata y nutre.<br \/>\n&#8211; Estimula la s\u00edntesis del col\u00e1geno, del \u00e1cido hialur\u00f3nico y la elastina.<br \/>\n&#8211; Reafirma.<br \/>\n&#8211; Mejora la elasticidad de la piel.<br \/>\n&#8211; Da luminosidad.<br \/>\n&#8211; Suaviza.<br \/>\n&#8211; Revitaliza y regenera.<br \/>\n&#8211; Depura y purifica la piel.<br \/>\n&#8211; Antioxidante, protege a la piel de la acci\u00f3n de los radicales libres.<br \/>\n&#8211; Afina las arrugas y las patas de gallo.<br \/>\n&#8211; Uniformiza la pigmentaci\u00f3n.<br \/>\n&#8211; Protege a la piel de las agresiones externas como el sol, el viento, el fr\u00edo<br \/>\ny la poluci\u00f3n.<br \/>\nSu aroma y su textura son un aut\u00e9ntico placer para los sentidos.<\/p>\n","protected":false},"excerpt":{"rendered":"<p>Bioactivos de rosa damascena, higos, algas, azufre, manteca de karit\u00e9 y<br \/>\nextracto de flor de cal\u00e9ndula se re\u00fanen es esta exquisita crema para reafirmar<br \/>\nla piel y mejorar su elasticidad y su tono.<br \/>\nPurifica y detoxifica la piel, la nutre, hidrata, regenera e ilumina.<br \/>\nSu aroma y su textura son un aut\u00e9ntico placer para los sentidos.<br \/>\nIndicada para todo tipo de pieles maduras.<\/p>\n","protected":false},"featured_media":7928,"template":"","meta":[],"product_cat":[35],"product_tag":[],"class_list":{"0":"post-7927","1":"product","2":"type-product","3":"status-publish","4":"has-post-thumbnail","6":"product_cat-rostro","8":"first","9":"instock","10":"taxable","11":"shipping-taxable","12":"purchasable","13":"product-type-simple"},"_links":{"self":[{"href":"https:\/\/www.jeevan-ayurveda.com\/es\/wp-json\/wp\/v2\/product\/7927"}],"collection":[{"href":"https:\/\/www.jeevan-ayurveda.com\/es\/wp-json\/wp\/v2\/product"}],"about":[{"href":"https:\/\/www.jeevan-ayurveda.com\/es\/wp-json\/wp\/v2\/types\/product"}],"wp:featuredmedia":[{"embeddable":true,"href":"https:\/\/www.jeevan-ayurveda.com\/es\/wp-json\/wp\/v2\/media\/7928"}],"wp:attachment":[{"href":"https:\/\/www.jeevan-ayurveda.com\/es\/wp-json\/wp\/v2\/media?parent=7927"}],"wp:term":[{"taxonomy":"product_cat","embeddable":true,"href":"https:\/\/www.jeevan-ayurveda.com\/es\/wp-json\/wp\/v2\/product_cat?post=7927"},{"taxonomy":"product_tag","embeddable":true,"href":"https:\/\/www.jeevan-ayurveda.com\/es\/wp-json\/wp\/v2\/product_tag?post=7927"}],"curies":[{"name":"wp","href":"https:\/\/api.w.org\/{rel}","templated":true}]}}