{"id":8349,"date":"2024-08-07T13:32:30","date_gmt":"2024-08-07T11:32:30","guid":{"rendered":"https:\/\/www.jeevan-ayurveda.com\/?post_type=product&#038;p=8349"},"modified":"2025-09-24T13:45:43","modified_gmt":"2025-09-24T11:45:43","slug":"rosemary-ginger-sage-natural-agni-soap","status":"publish","type":"product","link":"https:\/\/www.jeevan-ayurveda.com\/es\/producto\/rosemary-ginger-sage-natural-agni-soap\/","title":{"rendered":"Rosemary, Ginger &#038; Sage. Natural Agni Soap"},"content":{"rendered":"<p>LIMPIEZA DE CARA Y CUERPO. PIELES APAGADAS.<br \/>\nJab\u00f3n 100% natural, artesanal, producido con aceites de coco y de oliva, saponificado en fr\u00edo y 100% biodegradable.<br \/>\nA nuestros jabones no se les incorpora glicerina; la glicerina que contienen es la obtenida en el proceso de fabricaci\u00f3n en fr\u00edo. La glicerina as\u00ed obtenida aporta al jab\u00f3n propiedades hidratantes.<br \/>\nEl uso en las \u00faltimas d\u00e9cadas de geles detergentes ha causado grandes problemas en la piel (alergias, dermatitis, psoriasis, etc.), pero la vuelta a los jabones naturales ha devuelto a la piel la capacidad de restaurar su pel\u00edcula natural protectora que previene la aparici\u00f3n de enfermedades dermatol\u00f3gicas.<br \/>\nNuestros jabones elaborados con ingredientes vegetales de primera calidad son beneficiosos para el cuidado de la piel, para la salud, y muy respetuosos con el medio ambiente.<br \/>\nEl prop\u00f3sito de nuestros jabones es mantener limpia la piel, manteniendo su nutrici\u00f3n, hidrataci\u00f3n y favoreciendo la regeneraci\u00f3n de la epidermis.<br \/>\nEl inmenso valor a\u00f1adido de este jab\u00f3n es su alto contenido en principios activos: romero, jengibre y salvia, entre otros, que potencian el \u201cAgni\u201d de la piel, mejorando su capacidad para adaptarse al entorno. Ideal para pieles apagadas. Limpia la piel, manteniendo su hidrataci\u00f3n, y le da un aspecto m\u00e1s luminoso. Tiene propiedades antioxidantes y reafirmantes. Los trocitos de romero en su interior ejercen una suave exfoliaci\u00f3n.<\/p>\n","protected":false},"excerpt":{"rendered":"<p>El inmenso valor a\u00f1adido de este jab\u00f3n es su alto contenido en principios activos: romero, jengibre y salvia, entre otros, que potencian el \u201cAgni\u201d de la piel, mejorando su capacidad para adaptarse al entorno. Ideal para pieles apagadas. Limpia la piel, manteniendo su hidrataci\u00f3n, y le da un aspecto m\u00e1s luminoso. Tiene propiedades antioxidantes y reafirmantes. Los trocitos de romero en su interior ejercen una suave exfoliaci\u00f3n.<br \/>\n\u2022 Tama\u00f1o: 100g<\/p>\n","protected":false},"featured_media":8350,"template":"","meta":[],"product_cat":[35,24,43],"product_tag":[],"class_list":{"0":"post-8349","1":"product","2":"type-product","3":"status-publish","4":"has-post-thumbnail","6":"product_cat-rostro","7":"product_cat-cuerpo","8":"product_cat-limpieza-facial","10":"first","11":"instock","12":"taxable","13":"shipping-taxable","14":"purchasable","15":"product-type-simple"},"_links":{"self":[{"href":"https:\/\/www.jeevan-ayurveda.com\/es\/wp-json\/wp\/v2\/product\/8349"}],"collection":[{"href":"https:\/\/www.jeevan-ayurveda.com\/es\/wp-json\/wp\/v2\/product"}],"about":[{"href":"https:\/\/www.jeevan-ayurveda.com\/es\/wp-json\/wp\/v2\/types\/product"}],"wp:featuredmedia":[{"embeddable":true,"href":"https:\/\/www.jeevan-ayurveda.com\/es\/wp-json\/wp\/v2\/media\/8350"}],"wp:attachment":[{"href":"https:\/\/www.jeevan-ayurveda.com\/es\/wp-json\/wp\/v2\/media?parent=8349"}],"wp:term":[{"taxonomy":"product_cat","embeddable":true,"href":"https:\/\/www.jeevan-ayurveda.com\/es\/wp-json\/wp\/v2\/product_cat?post=8349"},{"taxonomy":"product_tag","embeddable":true,"href":"https:\/\/www.jeevan-ayurveda.com\/es\/wp-json\/wp\/v2\/product_tag?post=8349"}],"curies":[{"name":"wp","href":"https:\/\/api.w.org\/{rel}","templated":true}]}}