{"id":8775,"date":"2025-03-11T16:45:31","date_gmt":"2025-03-11T15:45:31","guid":{"rendered":"https:\/\/www.jeevan-ayurveda.com\/?post_type=product&#038;p=8775"},"modified":"2025-09-23T14:02:42","modified_gmt":"2025-09-23T12:02:42","slug":"fundamentos-del-ayurveda-parte-i","status":"publish","type":"product","link":"https:\/\/www.jeevan-ayurveda.com\/es\/producto\/fundamentos-del-ayurveda-parte-i\/","title":{"rendered":"Fundamentos del Ayurveda. Parte I."},"content":{"rendered":"<p>En Jeevan Ayurveda creemos que las ense\u00f1anzas del Ayurveda son un conocimiento Universal que deber\u00eda estar al alcance de todos. Por eso, ofrecemos este curso<br \/>\nintroductorio en tres partes a un <strong>precio simb\u00f3lico<\/strong> de 13 \u20ac por sesi\u00f3n.<\/p>\n<p>Queremos que m\u00e1s personas puedan acceder a las sabidur\u00edas milenarias del Ayurveda, aplicarlas en su vida diaria y descubrir c\u00f3mo el equilibrio natural puede transformar su bienestar.<\/p>\n<p>Este curso es una<strong> puerta de entrada accesible a un conocimiento profundo y transformador<\/strong>. El Ayurveda no solo es un sistema de salud, es un camino de <strong>autoconocimiento<\/strong>, y creemos que comprender tu naturaleza es la base de un <strong>autocuidado consciente<\/strong> y duradero.<\/p>\n<p>Este precio es nuestra manera de honrar la tradici\u00f3n y hacer que estas ense\u00f1anzas transformadoras sean accesibles para todos.<\/p>\n<p><strong>Aprovecha esta oportunidad y comienza tu viaje hacia el equilibrio interior.<\/strong><\/p>\n","protected":false},"excerpt":{"rendered":"<p>Fundamentos del Ayurveda. Parte I.<\/p>\n<p>Programa:<br \/>\n&#8211; El Ayurveda<br \/>\n&#8211; Panchamahabhutas o los cinco elementos.<br \/>\n&#8211; Sutras<br \/>\n&#8211; Doshas<br \/>\n&#8211; Prakruti o constituci\u00f3n personal.<\/p>\n<p>Se proporcionan apuntes esquem\u00e1ticos.<\/p>\n<p>Duraci\u00f3n: 1h 18min<\/p>\n<p>Precio: 13,31\u20ac<\/p>\n<p>Impartido por Rosa Pascual, fundadora y Directora de Jeevan Ayurveda.<\/p>\n<p>En espa\u00f1ol.<\/p>\n<p>El curso estar\u00e1 disponible durante dos meses desde el momento de su compra, despu\u00e9s se cerrar\u00e1 el acceso.<\/p>\n","protected":false},"featured_media":8795,"template":"","meta":[],"product_cat":[92,94],"product_tag":[],"class_list":{"0":"post-8775","1":"product","2":"type-product","3":"status-publish","4":"has-post-thumbnail","6":"product_cat-cursos","7":"product_cat-cursos-universales","9":"first","10":"instock","11":"downloadable","12":"virtual","13":"taxable","14":"purchasable","15":"product-type-simple"},"_links":{"self":[{"href":"https:\/\/www.jeevan-ayurveda.com\/es\/wp-json\/wp\/v2\/product\/8775"}],"collection":[{"href":"https:\/\/www.jeevan-ayurveda.com\/es\/wp-json\/wp\/v2\/product"}],"about":[{"href":"https:\/\/www.jeevan-ayurveda.com\/es\/wp-json\/wp\/v2\/types\/product"}],"wp:featuredmedia":[{"embeddable":true,"href":"https:\/\/www.jeevan-ayurveda.com\/es\/wp-json\/wp\/v2\/media\/8795"}],"wp:attachment":[{"href":"https:\/\/www.jeevan-ayurveda.com\/es\/wp-json\/wp\/v2\/media?parent=8775"}],"wp:term":[{"taxonomy":"product_cat","embeddable":true,"href":"https:\/\/www.jeevan-ayurveda.com\/es\/wp-json\/wp\/v2\/product_cat?post=8775"},{"taxonomy":"product_tag","embeddable":true,"href":"https:\/\/www.jeevan-ayurveda.com\/es\/wp-json\/wp\/v2\/product_tag?post=8775"}],"curies":[{"name":"wp","href":"https:\/\/api.w.org\/{rel}","templated":true}]}}