{"id":8847,"date":"2025-04-11T13:52:11","date_gmt":"2025-04-11T11:52:11","guid":{"rendered":"https:\/\/www.jeevan-ayurveda.com\/?post_type=product&#038;p=8847"},"modified":"2025-10-28T14:06:00","modified_gmt":"2025-10-28T13:06:00","slug":"saffron-haridra-sublime-kumkumadi-mask-ecologico-certificada","status":"publish","type":"product","link":"https:\/\/www.jeevan-ayurveda.com\/es\/producto\/saffron-haridra-sublime-kumkumadi-mask-ecologico-certificada\/","title":{"rendered":"Saffron &#038; Haridra. Sublime Kumkumadi Mask. Ecol\u00f3gico- certificada. 50ml"},"content":{"rendered":"<p>REGENERA &#8211; NUTRE &#8211; ILUMINA<\/p>\n<p>Sum\u00e9rgete en el lujo de la tradici\u00f3n ayurv\u00e9dica con Sublime Kumkumadi Mask, una mascarilla facial inspirada en la legendaria receta del Kumkumadi Tailam. Formulada con azafr\u00e1n para iluminar y unificar el tono de la piel, c\u00farcuma con su potente acci\u00f3n antiinflamatoria y otros activos bot\u00e1nicos cuidadosamente seleccionados, esta mascarilla regenera, nutre, revitaliza y deja la piel radiante.<br \/>\nBeneficios:<\/p>\n<ul>\n<li>Ayuda a la regeneraci\u00f3n natural de la piel.<\/li>\n<li>Ilumina, unifica y mejora su tono.<\/li>\n<li>Reduce manchas y cicatrices.<\/li>\n<li>\u00a0Ayuda a difuminar las ojeras.<\/li>\n<li>Protege del envejecimiento prematuro con antioxidantes naturales.<\/li>\n<li>Purifica y calma la piel sensible.<\/li>\n<\/ul>\n<p>Con esta mascarilla te regalar\u00e1s un momento de cuidado profundo con ingredientes ancestrales que regeneran, nutren, iluminan y revitalizan. D\u00e9jate envolver por la magia del Ayurveda y enam\u00f3rate de tu piel.<\/p>\n","protected":false},"excerpt":{"rendered":"<p>Sum\u00e9rgete en el lujo de la tradici\u00f3n ayurv\u00e9dica con Sublime Kumkumadi Mask, una mascarilla facial inspirada en la legendaria receta del Kumkumadi Tailam. Formulada con azafr\u00e1n para iluminar y unificar el tono de la piel, c\u00farcuma con su potente acci\u00f3n antiinflamatoria y otros activos bot\u00e1nicos cuidadosamente seleccionados, esta mascarilla regenera, nutre, revitaliza y deja la piel radiante.<\/p>\n<p>&nbsp;<\/p>\n<ul>\n<li>Tama\u00f1o: 50 ml.<\/li>\n<\/ul>\n","protected":false},"featured_media":8848,"template":"","meta":[],"product_cat":[35],"product_tag":[],"class_list":{"0":"post-8847","1":"product","2":"type-product","3":"status-publish","4":"has-post-thumbnail","6":"product_cat-rostro","8":"first","9":"instock","10":"taxable","11":"shipping-taxable","12":"purchasable","13":"product-type-simple"},"_links":{"self":[{"href":"https:\/\/www.jeevan-ayurveda.com\/es\/wp-json\/wp\/v2\/product\/8847"}],"collection":[{"href":"https:\/\/www.jeevan-ayurveda.com\/es\/wp-json\/wp\/v2\/product"}],"about":[{"href":"https:\/\/www.jeevan-ayurveda.com\/es\/wp-json\/wp\/v2\/types\/product"}],"wp:featuredmedia":[{"embeddable":true,"href":"https:\/\/www.jeevan-ayurveda.com\/es\/wp-json\/wp\/v2\/media\/8848"}],"wp:attachment":[{"href":"https:\/\/www.jeevan-ayurveda.com\/es\/wp-json\/wp\/v2\/media?parent=8847"}],"wp:term":[{"taxonomy":"product_cat","embeddable":true,"href":"https:\/\/www.jeevan-ayurveda.com\/es\/wp-json\/wp\/v2\/product_cat?post=8847"},{"taxonomy":"product_tag","embeddable":true,"href":"https:\/\/www.jeevan-ayurveda.com\/es\/wp-json\/wp\/v2\/product_tag?post=8847"}],"curies":[{"name":"wp","href":"https:\/\/api.w.org\/{rel}","templated":true}]}}