{"id":8966,"date":"2025-06-08T12:48:08","date_gmt":"2025-06-08T10:48:08","guid":{"rendered":"https:\/\/www.jeevan-ayurveda.com\/?post_type=product&#038;p=8966"},"modified":"2025-12-03T20:03:10","modified_gmt":"2025-12-03T19:03:10","slug":"yellow-agate-mala-1081-beads","status":"publish","type":"product","link":"https:\/\/www.jeevan-ayurveda.com\/es\/producto\/yellow-agate-mala-1081-beads\/","title":{"rendered":"Yellow Agate Mala 108+1 Beads"},"content":{"rendered":"<p>En los Vedas, las piedras no son solo ornamento, son expresiones de la energ\u00eda c\u00f3smica en forma s\u00f3lida.<\/p>\n<p>Cada piedra guarda en su interior una vibraci\u00f3n que puede calmar, fortalecer o despertar.<\/p>\n<p>El <strong><b>Japa Mala de 108 cuentas + 1 cuenta gur\u00fa<\/b><\/strong>, elaborado con \u00e1gata amarilla natural, es m\u00e1s que una joya: es una herramienta de enfoque, intenci\u00f3n y transformaci\u00f3n.<\/p>\n<p>En la tradici\u00f3n v\u00e9dica, el <strong><b>\u00e1gata amarilla<\/b><\/strong>\u00a0est\u00e1 asociada al <strong><b>fuego interior (<\/b><\/strong><strong><em><b><i>Agni<\/i><\/b><\/em><\/strong><strong><b>)<\/b><\/strong>\u00a0y al <strong><b>chakra del plexo solar (<\/b><\/strong><strong><em><b><i>Manipura<\/i><\/b><\/em><\/strong><strong><b>)<\/b><\/strong>, centro de la voluntad, la claridad y la fuerza de decisi\u00f3n. Su vibraci\u00f3n ayuda a activar la energ\u00eda vital sin agitaci\u00f3n, guiando el pensamiento hacia la acci\u00f3n consciente.<\/p>\n<p>Este mala es ideal para:<\/p>\n<ul>\n<li>La <strong><b>pr\u00e1ctica de mantras (Japa)<\/b><\/strong>y meditaci\u00f3n.<\/li>\n<li>Acompa\u00f1ar procesos de <strong><b>enfoque personal<\/b><\/strong>y toma de decisiones.<\/li>\n<li>Usar como <strong><b>collar energ\u00e9tico o pulsera enrollada<\/b><\/strong>, llevando su fuerza contigo cada d\u00eda.<\/li>\n<\/ul>\n<p><strong><b>Propiedades energ\u00e9ticas:<\/b><\/strong><\/p>\n<ul>\n<li>Fortalece la voluntad y la disciplina.<\/li>\n<li>Aporta seguridad interna y direcci\u00f3n.<\/li>\n<li>Estimula el fuego digestivo emocional y mental.<\/li>\n<\/ul>\n<p><strong><b>Materiales:<\/b><\/strong><\/p>\n<ul>\n<li>108 cuentas de \u00e1gata amarilla natural<\/li>\n<li>1 cuenta gur\u00fa central<\/li>\n<li>Hecho a mano con cuidado y respeto por la tradici\u00f3n<\/li>\n<\/ul>\n<p><strong><b>Cada cuenta, una respiraci\u00f3n.<\/b><\/strong><strong><b><br \/>\n<\/b><\/strong><strong><b>Cada respiraci\u00f3n, un regreso a ti.<\/b><\/strong><\/p>\n","protected":false},"excerpt":{"rendered":"<p>El <strong><b>Japa Mala de 108 cuentas + 1 cuenta gur\u00fa<\/b><\/strong>, elaborado con \u00e1gata amarilla natural, es adem\u00e1s de una joya, una herramienta de enfoque, intenci\u00f3n y transformaci\u00f3n.<\/p>\n<p>En la tradici\u00f3n v\u00e9dica, el <strong><b>\u00e1gata amarilla<\/b><\/strong>\u00a0est\u00e1 asociada al <strong><b>fuego interior (<\/b><\/strong><strong><em><b><i>Agni<\/i><\/b><\/em><\/strong><strong><b>)<\/b><\/strong>\u00a0y al <strong><b>chakra del plexo solar (<\/b><\/strong><strong><em><b><i>Manipura<\/i><\/b><\/em><\/strong><strong><b>)<\/b><\/strong>, centro de la voluntad, la claridad y la fuerza de decisi\u00f3n. Su vibraci\u00f3n ayuda a activar la energ\u00eda vital sin agitaci\u00f3n, guiando el pensamiento hacia la acci\u00f3n consciente.<\/p>\n<p><strong><b>Propiedades energ\u00e9ticas:<\/b><\/strong><\/p>\n<ul>\n<li>Fortalece la voluntad y la disciplina.<\/li>\n<li>Aporta seguridad interna y direcci\u00f3n.<\/li>\n<li>Estimula el fuego digestivo emocional y mental.<\/li>\n<\/ul>\n<p><strong><b>Cada cuenta, una respiraci\u00f3n.<\/b><\/strong><strong><b><br \/>\n<\/b><\/strong><strong><b>Cada respiraci\u00f3n, un regreso a ti.<\/b><\/strong><\/p>\n<ul>\n<li>Tama\u00f1o de las cuentas: 8mm.<\/li>\n<\/ul>\n","protected":false},"featured_media":8975,"template":"","meta":[],"product_cat":[24,77],"product_tag":[],"class_list":{"0":"post-8966","1":"product","2":"type-product","3":"status-publish","4":"has-post-thumbnail","6":"product_cat-cuerpo","7":"product_cat-objetos-belleza","9":"first","10":"instock","11":"taxable","12":"shipping-taxable","13":"purchasable","14":"product-type-simple"},"_links":{"self":[{"href":"https:\/\/www.jeevan-ayurveda.com\/es\/wp-json\/wp\/v2\/product\/8966"}],"collection":[{"href":"https:\/\/www.jeevan-ayurveda.com\/es\/wp-json\/wp\/v2\/product"}],"about":[{"href":"https:\/\/www.jeevan-ayurveda.com\/es\/wp-json\/wp\/v2\/types\/product"}],"wp:featuredmedia":[{"embeddable":true,"href":"https:\/\/www.jeevan-ayurveda.com\/es\/wp-json\/wp\/v2\/media\/8975"}],"wp:attachment":[{"href":"https:\/\/www.jeevan-ayurveda.com\/es\/wp-json\/wp\/v2\/media?parent=8966"}],"wp:term":[{"taxonomy":"product_cat","embeddable":true,"href":"https:\/\/www.jeevan-ayurveda.com\/es\/wp-json\/wp\/v2\/product_cat?post=8966"},{"taxonomy":"product_tag","embeddable":true,"href":"https:\/\/www.jeevan-ayurveda.com\/es\/wp-json\/wp\/v2\/product_tag?post=8966"}],"curies":[{"name":"wp","href":"https:\/\/api.w.org\/{rel}","templated":true}]}}