{"id":9061,"date":"2025-06-25T13:44:35","date_gmt":"2025-06-25T11:44:35","guid":{"rendered":"https:\/\/www.jeevan-ayurveda.com\/?post_type=product&#038;p=9061"},"modified":"2026-02-09T13:01:48","modified_gmt":"2026-02-09T12:01:48","slug":"amber-sandalwood-candle","status":"publish","type":"product","link":"https:\/\/www.jeevan-ayurveda.com\/es\/producto\/amber-sandalwood-candle\/","title":{"rendered":"Amber &#038; Sandalwood Candle"},"content":{"rendered":"<p><strong>Ra\u00edz y misterio, en un solo respiro<\/strong><\/p>\n<p>El \u00e1mbar resuena con lo ancestral; el s\u00e1ndalo, con lo sagrado.<br \/>\nJuntos, componen una melod\u00eda olfativa que en Ayurveda se asocia al elemento tierra\u00a0 y al espacio interior. Esta vela enciende una llama c\u00e1lida y profunda, como el fuego del A<em>gni<\/em> bien templado: firme, constante, transformador. \u00a0En Ayurveda, lo que no se ve tambi\u00e9n nutre.<\/p>\n<p>El <strong>\u00e1mbar<\/strong>, aunque com\u00fanmente se percibe como una resina, es en realidad una materia f\u00f3sil: savia de \u00e1rboles milenarios que ha reposado durante siglos bajo tierra, carg\u00e1ndose de historia, tiempo y silencio. Su aroma, c\u00e1lido y dulce, nos conecta con lo antiguo, con lo esencial y con la sabidur\u00eda guardada en el cuerpo.<\/p>\n<p>El <strong>s\u00e1ndalo<\/strong> (<em>Santalum album<\/em>) es una de las maderas m\u00e1s sagradas en la tradici\u00f3n ayurv\u00e9dica y v\u00e9dica. Su aroma le\u00f1oso, suave y persistente se utiliza para calmar la mente, abrir el coraz\u00f3n y elevar la conciencia. Es una planta <em>satvica<\/em>: aporta claridad, pureza y equilibrio, y es especialmente usada en pr\u00e1cticas de meditaci\u00f3n y ritual.<\/p>\n<p><strong>Amber &amp; Sandalwood Candle<\/strong> es perfecta para crear un refugio sensorial, aportando seguridad, presencia y conexi\u00f3n con lo esencial.<\/p>\n<p>Hecha con <strong>100% cera de soja<\/strong>, su llama limpia y estable transforma cualquier espacio en un templo interior.<\/p>\n<p>&nbsp;<\/p>\n<ul>\n<li>Peso: 180g.<\/li>\n<\/ul>\n","protected":false},"excerpt":{"rendered":"<p><strong>Ra\u00edz y misterio, en un solo respiro<\/strong><\/p>\n<p>El \u00e1mbar resuena con lo ancestral; el s\u00e1ndalo, con lo sagrado.<br \/>\nJuntos, componen una melod\u00eda olfativa que en Ayurveda se asocia al elemento tierra\u00a0 y al espacio interior. Esta vela enciende una llama c\u00e1lida y profunda, como el fuego del A<em>gni<\/em> bien templado: firme, constante, transformador. \u00a0En Ayurveda, lo que no se ve tambi\u00e9n nutre.<\/p>\n<p><strong>Amber &amp; Sandalwood Candle<\/strong> es perfecta para crear un refugio sensorial, aportando seguridad, presencia y conexi\u00f3n con lo esencial.<\/p>\n<p>Hecha con <strong>100% cera de soja<\/strong>, su llama limpia y estable transforma cualquier espacio en un templo interior.<\/p>\n<ul>\n<li>Peso: 180g.<\/li>\n<\/ul>\n","protected":false},"featured_media":9062,"template":"","meta":[],"product_cat":[77],"product_tag":[],"class_list":{"0":"post-9061","1":"product","2":"type-product","3":"status-publish","4":"has-post-thumbnail","6":"product_cat-objetos-belleza","8":"first","9":"instock","10":"taxable","11":"shipping-taxable","12":"purchasable","13":"product-type-simple"},"_links":{"self":[{"href":"https:\/\/www.jeevan-ayurveda.com\/es\/wp-json\/wp\/v2\/product\/9061"}],"collection":[{"href":"https:\/\/www.jeevan-ayurveda.com\/es\/wp-json\/wp\/v2\/product"}],"about":[{"href":"https:\/\/www.jeevan-ayurveda.com\/es\/wp-json\/wp\/v2\/types\/product"}],"wp:featuredmedia":[{"embeddable":true,"href":"https:\/\/www.jeevan-ayurveda.com\/es\/wp-json\/wp\/v2\/media\/9062"}],"wp:attachment":[{"href":"https:\/\/www.jeevan-ayurveda.com\/es\/wp-json\/wp\/v2\/media?parent=9061"}],"wp:term":[{"taxonomy":"product_cat","embeddable":true,"href":"https:\/\/www.jeevan-ayurveda.com\/es\/wp-json\/wp\/v2\/product_cat?post=9061"},{"taxonomy":"product_tag","embeddable":true,"href":"https:\/\/www.jeevan-ayurveda.com\/es\/wp-json\/wp\/v2\/product_tag?post=9061"}],"curies":[{"name":"wp","href":"https:\/\/api.w.org\/{rel}","templated":true}]}}