{"id":9482,"date":"2025-12-17T13:09:56","date_gmt":"2025-12-17T12:09:56","guid":{"rendered":"https:\/\/www.jeevan-ayurveda.com\/?post_type=product&#038;p=9482"},"modified":"2026-02-09T13:15:33","modified_gmt":"2026-02-09T12:15:33","slug":"navarakizhi-milk-cooling-ubtan","status":"publish","type":"product","link":"https:\/\/www.jeevan-ayurveda.com\/es\/producto\/navarakizhi-milk-cooling-ubtan\/","title":{"rendered":"Navarakizhi Milk. Cooling Ubtan"},"content":{"rendered":"<p><strong>EXFOLIA \u2013 DETOXIFICA- OXIGENA-NUTRE- ILUMINA<\/strong><\/p>\n<p>El Ayurveda utiliza hierbas pulverizadas, llamadas UBTAN, para la limpieza y desintoxicaci\u00f3n de la piel.<\/p>\n<p>Este Ubtan refrescante, ejerce la funci\u00f3n de un limpiador profundo, con lo que se utiliza para limpiar, \u00a0exfoliar, eliminar las toxinas, los contaminantes y las c\u00e9lulas muertas, sin privar a la piel de su propia humedad. El \u00e1cido l\u00e1ctico disuelve \u201cel pegamento\u201d que mantiene unidas a las c\u00e9lulas muertas y limpia las capas m\u00e1s profundas de la piel.<\/p>\n<p>Hidrata, oxigena y nutre la piel, manteni\u00e9ndola sana y protegida frente a las agresiones externas. Da tersura y luminosidad a la piel. Difumina las manchas, las cicatrices del acn\u00e9 y unifica el tono de la piel. Elimina las irregularidades y favorece el alisamiento de la piel. Muy valiosa en el tratamiento de las pieles sensibles, tiene acci\u00f3n refrescante y calmante.<\/p>\n<p>&nbsp;<\/p>\n<p>&nbsp;<\/p>\n<p><strong>\u00bfC\u00d3MO USARLO?<\/strong><\/p>\n<p><strong>\u00a0<\/strong><\/p>\n<p>Polvos de hierbas y especias que t\u00fa mezclas con agua hasta obtener la consistencia de una leche limpiadora. Al ser un producto seco, est\u00e1 formulado sin\u00a0 conservantes.<\/p>\n<p>Ideal para cara y cuerpo.<\/p>\n<p>Ejerce una suave acci\u00f3n exfoliante, pudiendo ser utilizada todos los d\u00edas.<\/p>\n","protected":false},"excerpt":{"rendered":"<p><strong>EXFOLIA \u2013 DETOXIFICA- OXIGENA-NUTRE- ILUMINA<\/strong><\/p>\n<p>El Ayurveda utiliza hierbas pulverizadas, llamadas UBTAN, para la limpieza y desintoxicaci\u00f3n de la piel.<\/p>\n<p>Este Ubtan refrescante, ejerce la funci\u00f3n de un limpiador profundo, con lo que se utiliza para limpiar, \u00a0exfoliar, eliminar las toxinas, los contaminantes y las c\u00e9lulas muertas, sin privar a la piel de su propia humedad. El \u00e1cido l\u00e1ctico disuelve \u201cel pegamento\u201d que mantiene unidas a las c\u00e9lulas muertas y limpia las capas m\u00e1s profundas de la piel.<\/p>\n<p>Hidrata, oxigena y nutre la piel, manteni\u00e9ndola sana y protegida frente a las agresiones externas. Da tersura y luminosidad a la piel. Difumina las manchas, las cicatrices del acn\u00e9 y unifica el tono de la piel. Elimina las irregularidades y favorece el alisamiento de la piel. Muy valiosa en el tratamiento de las pieles sensibles, tiene acci\u00f3n refrescante y calmante.<\/p>\n<ul>\n<li><strong>400 ml. Formato Profesional <\/strong><\/li>\n<\/ul>\n","protected":false},"featured_media":9483,"template":"","meta":[],"product_cat":[35,24,43],"product_tag":[],"class_list":{"0":"post-9482","1":"product","2":"type-product","3":"status-publish","4":"has-post-thumbnail","6":"product_cat-rostro","7":"product_cat-cuerpo","8":"product_cat-limpieza-facial","10":"first","11":"instock","12":"taxable","13":"shipping-taxable","14":"purchasable","15":"product-type-simple"},"_links":{"self":[{"href":"https:\/\/www.jeevan-ayurveda.com\/es\/wp-json\/wp\/v2\/product\/9482"}],"collection":[{"href":"https:\/\/www.jeevan-ayurveda.com\/es\/wp-json\/wp\/v2\/product"}],"about":[{"href":"https:\/\/www.jeevan-ayurveda.com\/es\/wp-json\/wp\/v2\/types\/product"}],"wp:featuredmedia":[{"embeddable":true,"href":"https:\/\/www.jeevan-ayurveda.com\/es\/wp-json\/wp\/v2\/media\/9483"}],"wp:attachment":[{"href":"https:\/\/www.jeevan-ayurveda.com\/es\/wp-json\/wp\/v2\/media?parent=9482"}],"wp:term":[{"taxonomy":"product_cat","embeddable":true,"href":"https:\/\/www.jeevan-ayurveda.com\/es\/wp-json\/wp\/v2\/product_cat?post=9482"},{"taxonomy":"product_tag","embeddable":true,"href":"https:\/\/www.jeevan-ayurveda.com\/es\/wp-json\/wp\/v2\/product_tag?post=9482"}],"curies":[{"name":"wp","href":"https:\/\/api.w.org\/{rel}","templated":true}]}}