{"id":9586,"date":"2026-02-20T12:51:37","date_gmt":"2026-02-20T11:51:37","guid":{"rendered":"https:\/\/www.jeevan-ayurveda.com\/?post_type=product&#038;p=9586"},"modified":"2026-02-20T14:42:39","modified_gmt":"2026-02-20T13:42:39","slug":"kumari-gel-%c2%b7-aloe-vera-roses-herbs","status":"publish","type":"product","link":"https:\/\/www.jeevan-ayurveda.com\/es\/producto\/kumari-gel-%c2%b7-aloe-vera-roses-herbs\/","title":{"rendered":"Kumari Gel \u00b7 Aloe Vera, Roses &#038; Herbs- Nueva f\u00f3rmula"},"content":{"rendered":"<p>Esta f\u00f3rmula potenciada que convierte este gel en un verdadero elixir para las pieles sensibles y reactivas.<br \/>\nAloe vera, rosa damascena, regaliz, cardamomo y una cuidada selecci\u00f3n de otros activos vegetales dan forma a un gel de textura ligera y profundamente respetuosa con la piel, que hidrata, calma, suaviza y restaura la sensaci\u00f3n de confort sin interferir en su equilibrio natural.<br \/>\nElaborado con una sinergia de plantas reconocidas en la tradici\u00f3n ayurv\u00e9dica como t\u00f3nicos rasayana, este gel se convierte en un rasayana (rejuvenecedor) ligero que ayuda a restaurar la inteligencia natural de la piel, favoreciendo su regeneraci\u00f3n.<br \/>\nUn gel sensitivo para rostro y cuerpo, vegetal, sobrio y silenciosamente sanador.<\/p>\n","protected":false},"excerpt":{"rendered":"<p>F\u00f3rmula potenciada que convierte este gel en un verdadero elixir para las pieles sensibles y reactivas.<br \/>\nAloe vera, rosa damascena, regaliz, cardamomo y una cuidada selecci\u00f3n de otros activos vegetales dan forma a un gel de textura ligera y profundamente respetuosa con la piel, que hidrata, calma, suaviza y restaura la sensaci\u00f3n de confort sin interferir en su equilibrio natural.<\/p>\n<p>Indicado para piel sensible, reactiva o deshidratada, con rojeces, picor o sensaci\u00f3n de incomodidad. Ideal tras la exposici\u00f3n solar, el afeitado, la depilaci\u00f3n o en momentos de reactividad cut\u00e1nea.<\/p>\n","protected":false},"featured_media":9591,"template":"","meta":[],"product_cat":[35,24],"product_tag":[],"class_list":{"0":"post-9586","1":"product","2":"type-product","3":"status-publish","4":"has-post-thumbnail","6":"product_cat-rostro","7":"product_cat-cuerpo","9":"first","10":"instock","11":"taxable","12":"shipping-taxable","13":"purchasable","14":"product-type-simple"},"_links":{"self":[{"href":"https:\/\/www.jeevan-ayurveda.com\/es\/wp-json\/wp\/v2\/product\/9586"}],"collection":[{"href":"https:\/\/www.jeevan-ayurveda.com\/es\/wp-json\/wp\/v2\/product"}],"about":[{"href":"https:\/\/www.jeevan-ayurveda.com\/es\/wp-json\/wp\/v2\/types\/product"}],"wp:featuredmedia":[{"embeddable":true,"href":"https:\/\/www.jeevan-ayurveda.com\/es\/wp-json\/wp\/v2\/media\/9591"}],"wp:attachment":[{"href":"https:\/\/www.jeevan-ayurveda.com\/es\/wp-json\/wp\/v2\/media?parent=9586"}],"wp:term":[{"taxonomy":"product_cat","embeddable":true,"href":"https:\/\/www.jeevan-ayurveda.com\/es\/wp-json\/wp\/v2\/product_cat?post=9586"},{"taxonomy":"product_tag","embeddable":true,"href":"https:\/\/www.jeevan-ayurveda.com\/es\/wp-json\/wp\/v2\/product_tag?post=9586"}],"curies":[{"name":"wp","href":"https:\/\/api.w.org\/{rel}","templated":true}]}}