{"id":9665,"date":"2026-04-21T19:41:55","date_gmt":"2026-04-21T17:41:55","guid":{"rendered":"https:\/\/www.jeevan-ayurveda.com\/?post_type=product&#038;p=9665"},"modified":"2026-04-21T19:43:57","modified_gmt":"2026-04-21T17:43:57","slug":"blue-onix-mala-1081-beads","status":"publish","type":"product","link":"https:\/\/www.jeevan-ayurveda.com\/es\/producto\/blue-onix-mala-1081-beads\/","title":{"rendered":"Blue Onix Mala 108+1 Beads"},"content":{"rendered":"<p>En los Vedas, las piedras no son solo ornamento, son expresiones de la energ\u00eda c\u00f3smica en forma s\u00f3lida.<br \/>\nCada piedra guarda en su interior una vibraci\u00f3n que puede calmar, fortalecer o despertar.<br \/>\nEste Japa Mala de 108 cuentas + 1 cuenta gur\u00fa, realizado en \u00f3nix azul, es una joya de recogimiento y presencia. Dise\u00f1ado para acompa\u00f1arte en la pr\u00e1ctica meditativa, en la repetici\u00f3n de mantras o en el simple acto de respirar con conciencia.<br \/>\nEl \u00f3nix azul aporta contraste y realza el tono de la piel.<br \/>\nAyuda a aquietar la mente, proteger la energ\u00eda y favorecer una expresi\u00f3n clara y serena.<br \/>\nEste mala es ideal para:<br \/>\n&#8211; Profundizar en pr\u00e1cticas de meditaci\u00f3n, introspecci\u00f3n o contemplaci\u00f3n.<\/p>\n<p>&#8211; Cultivar la palabra consciente y el pensamiento ordenado.<br \/>\n&#8211; Llevar como collar o pulsera protectora, en momentos de alta sensibilidad.<br \/>\nPropiedades energ\u00e9ticas:<br \/>\n&#8211; Aporta silencio interno y discernimiento.<br \/>\n&#8211; Protege frente a la dispersi\u00f3n o el ruido mental.<br \/>\n&#8211; Favorece la comunicaci\u00f3n honesta y la concentraci\u00f3n.<br \/>\nMateriales:<br \/>\n&#8211; 108 cuentas de \u00f3nix azul natural<br \/>\n&#8211; 1 cuenta gur\u00fa central<br \/>\n&#8211; Hecho a mano, con atenci\u00f3n y reverencia por la energ\u00eda sutil de cada piedra<br \/>\nCada cuenta, un espacio de quietud.<br \/>\nCada respiraci\u00f3n, una verdad interior.<\/p>\n","protected":false},"excerpt":{"rendered":"<p>Este Japa Mala de 108 cuentas + 1 cuenta gur\u00fa, realizado en \u00f3nix azul, es una joya de recogimiento y presencia. Dise\u00f1ado para acompa\u00f1arte en la pr\u00e1ctica meditativa, en la repetici\u00f3n de mantras o en el simple acto de respirar con conciencia.<br \/>\nEl \u00f3nix azul aporta contraste y realza el tono de la piel.<br \/>\nAyuda a aquietar la mente, proteger la energ\u00eda y favorecer una expresi\u00f3n clara y serena.<br \/>\nPropiedades energ\u00e9ticas:<br \/>\n&#8211; Aporta silencio interno y discernimiento.<br \/>\n&#8211; Protege frente a la dispersi\u00f3n o el ruido mental.<br \/>\n&#8211; Favorece la comunicaci\u00f3n honesta y la concentraci\u00f3n.<br \/>\nCada cuenta, un espacio de quietud.<br \/>\nCada respiraci\u00f3n, una verdad interior.<\/p>\n<ul>\n<li>Tama\u00f1o de las cuentas: 8mm.<\/li>\n<\/ul>\n","protected":false},"featured_media":9666,"template":"","meta":[],"product_cat":[24,77],"product_tag":[],"class_list":{"0":"post-9665","1":"product","2":"type-product","3":"status-publish","4":"has-post-thumbnail","6":"product_cat-cuerpo","7":"product_cat-objetos-belleza","9":"first","10":"instock","11":"taxable","12":"shipping-taxable","13":"purchasable","14":"product-type-simple"},"_links":{"self":[{"href":"https:\/\/www.jeevan-ayurveda.com\/es\/wp-json\/wp\/v2\/product\/9665"}],"collection":[{"href":"https:\/\/www.jeevan-ayurveda.com\/es\/wp-json\/wp\/v2\/product"}],"about":[{"href":"https:\/\/www.jeevan-ayurveda.com\/es\/wp-json\/wp\/v2\/types\/product"}],"wp:featuredmedia":[{"embeddable":true,"href":"https:\/\/www.jeevan-ayurveda.com\/es\/wp-json\/wp\/v2\/media\/9666"}],"wp:attachment":[{"href":"https:\/\/www.jeevan-ayurveda.com\/es\/wp-json\/wp\/v2\/media?parent=9665"}],"wp:term":[{"taxonomy":"product_cat","embeddable":true,"href":"https:\/\/www.jeevan-ayurveda.com\/es\/wp-json\/wp\/v2\/product_cat?post=9665"},{"taxonomy":"product_tag","embeddable":true,"href":"https:\/\/www.jeevan-ayurveda.com\/es\/wp-json\/wp\/v2\/product_tag?post=9665"}],"curies":[{"name":"wp","href":"https:\/\/api.w.org\/{rel}","templated":true}]}}